{"id":4154,"date":"2021-04-20T15:20:17","date_gmt":"2021-04-20T13:20:17","guid":{"rendered":"https:\/\/www.graines-voltz.com\/?page_id=4154"},"modified":"2021-07-29T00:51:41","modified_gmt":"2021-07-28T22:51:41","slug":"protection-of-personal-data","status":"publish","type":"page","link":"https:\/\/www.graines-voltz.com\/en\/protection-of-personal-data\/","title":{"rendered":"Protection of personal data"},"content":{"rendered":"<div class=\"fusion-fullwidth fullwidth-box fusion-builder-row-1 fusion-flex-container nonhundred-percent-fullwidth non-hundred-percent-height-scrolling\" style=\"--awb-border-radius-top-left:0px;--awb-border-radius-top-right:0px;--awb-border-radius-bottom-right:0px;--awb-border-radius-bottom-left:0px;--awb-flex-wrap:wrap;\" ><div class=\"fusion-builder-row fusion-row fusion-flex-align-items-flex-start fusion-flex-content-wrap\" style=\"max-width:1248px;margin-left: calc(-4% \/ 2 );margin-right: calc(-4% \/ 2 );\"><div class=\"fusion-layout-column fusion_builder_column fusion-builder-column-0 fusion_builder_column_1_1 1_1 fusion-flex-column\" style=\"--awb-bg-size:cover;--awb-width-large:100%;--awb-margin-top-large:0px;--awb-spacing-right-large:1.92%;--awb-margin-bottom-large:20px;--awb-spacing-left-large:1.92%;--awb-width-medium:100%;--awb-order-medium:0;--awb-spacing-right-medium:1.92%;--awb-spacing-left-medium:1.92%;--awb-width-small:100%;--awb-order-small:0;--awb-spacing-right-small:1.92%;--awb-spacing-left-small:1.92%;\"><div class=\"fusion-column-wrapper fusion-column-has-shadow fusion-flex-justify-content-flex-start fusion-content-layout-column\"><div class=\"fusion-title title fusion-title-1 fusion-sep-none fusion-title-text fusion-title-size-three\" style=\"--awb-margin-bottom:15px;--awb-margin-top-small:5px;--awb-margin-right-small:0px;--awb-margin-bottom-small:0px;--awb-margin-left-small:0px;\"><h3 class=\"fusion-title-heading title-heading-left\" style=\"margin:0;\">Protection of personal data<\/h3><\/div><div class=\"fusion-text fusion-text-1 legal\"><p>The personal data collected and kept in the context of any contact is used for the sole purpose of managing the contact.<\/p>\n<p>Graines Voltz S.A. reserves the right to use the data transmitted by the customer for commercial purposes if the customer accepts this when registering his\/her personal data.<\/p>\n<p>However, subject to stricter confidentiality rules applicable to certain data, it may be shared within the group to which we belong.<\/p>\n<p>This information may be transferred to a country outside the European Union with an equivalent level of protection.<\/p>\n<p>In accordance with the French Data Protection Act N\u00b078\/17 of 6 January 1978, you are informed that you have the right to query, access, rectify and object on legitimate grounds to any personal data concerning you by writing to the following address Graines Voltz S.A., 1 rue Edouard Branly 68000 Colmar, France, for the attention of the Data Protection Officer.<\/p>\n<\/div><\/div><\/div><\/div><\/div>","protected":false},"excerpt":{"rendered":"","protected":false},"author":1,"featured_media":0,"parent":0,"menu_order":998,"comment_status":"closed","ping_status":"closed","template":"","meta":{"footnotes":""},"class_list":["post-4154","page","type-page","status-publish","hentry"],"yoast_head":"<!-- This site is optimized with the Yoast SEO plugin v27.5 - https:\/\/yoast.com\/product\/yoast-seo-wordpress\/ -->\n<title>Protection of personal data - Graines-Voltz<\/title>\n<meta name=\"robots\" content=\"index, follow, max-snippet:-1, max-image-preview:large, max-video-preview:-1\" \/>\n<link rel=\"canonical\" href=\"https:\/\/www.graines-voltz.com\/en\/protection-of-personal-data\/\" \/>\n<meta property=\"og:locale\" content=\"en_US\" \/>\n<meta property=\"og:type\" content=\"article\" \/>\n<meta property=\"og:title\" content=\"Protection of personal data - Graines-Voltz\" \/>\n<meta property=\"og:url\" content=\"https:\/\/www.graines-voltz.com\/en\/protection-of-personal-data\/\" \/>\n<meta property=\"og:site_name\" content=\"Graines-Voltz\" \/>\n<meta property=\"article:modified_time\" content=\"2021-07-28T22:51:41+00:00\" \/>\n<meta name=\"twitter:card\" content=\"summary_large_image\" \/>\n<script type=\"application\/ld+json\" class=\"yoast-schema-graph\">{\"@context\":\"https:\\\/\\\/schema.org\",\"@graph\":[{\"@type\":\"WebPage\",\"@id\":\"https:\\\/\\\/www.graines-voltz.com\\\/en\\\/protection-of-personal-data\\\/\",\"url\":\"https:\\\/\\\/www.graines-voltz.com\\\/en\\\/protection-of-personal-data\\\/\",\"name\":\"Protection of personal data - Graines-Voltz\",\"isPartOf\":{\"@id\":\"https:\\\/\\\/www.graines-voltz.com\\\/en\\\/#website\"},\"datePublished\":\"2021-04-20T13:20:17+00:00\",\"dateModified\":\"2021-07-28T22:51:41+00:00\",\"breadcrumb\":{\"@id\":\"https:\\\/\\\/www.graines-voltz.com\\\/en\\\/protection-of-personal-data\\\/#breadcrumb\"},\"inLanguage\":\"en-US\",\"potentialAction\":[{\"@type\":\"ReadAction\",\"target\":[\"https:\\\/\\\/www.graines-voltz.com\\\/en\\\/protection-of-personal-data\\\/\"]}]},{\"@type\":\"BreadcrumbList\",\"@id\":\"https:\\\/\\\/www.graines-voltz.com\\\/en\\\/protection-of-personal-data\\\/#breadcrumb\",\"itemListElement\":[{\"@type\":\"ListItem\",\"position\":1,\"name\":\"Accueil\",\"item\":\"https:\\\/\\\/www.graines-voltz.com\\\/en\\\/\"},{\"@type\":\"ListItem\",\"position\":2,\"name\":\"Protection of personal data\"}]},{\"@type\":\"WebSite\",\"@id\":\"https:\\\/\\\/www.graines-voltz.com\\\/en\\\/#website\",\"url\":\"https:\\\/\\\/www.graines-voltz.com\\\/en\\\/\",\"name\":\"Graines-Voltz\",\"description\":\"Le sp\u00e9cialiste des meilleures g\u00e9n\u00e9tiques de graines potag\u00e8res en Europe\",\"publisher\":{\"@id\":\"https:\\\/\\\/www.graines-voltz.com\\\/en\\\/#organization\"},\"potentialAction\":[{\"@type\":\"SearchAction\",\"target\":{\"@type\":\"EntryPoint\",\"urlTemplate\":\"https:\\\/\\\/www.graines-voltz.com\\\/en\\\/?s={search_term_string}\"},\"query-input\":{\"@type\":\"PropertyValueSpecification\",\"valueRequired\":true,\"valueName\":\"search_term_string\"}}],\"inLanguage\":\"en-US\"},{\"@type\":\"Organization\",\"@id\":\"https:\\\/\\\/www.graines-voltz.com\\\/en\\\/#organization\",\"name\":\"Graines Voltz\",\"url\":\"https:\\\/\\\/www.graines-voltz.com\\\/en\\\/\",\"logo\":{\"@type\":\"ImageObject\",\"inLanguage\":\"en-US\",\"@id\":\"https:\\\/\\\/www.graines-voltz.com\\\/en\\\/#\\\/schema\\\/logo\\\/image\\\/\",\"url\":\"https:\\\/\\\/www.graines-voltz.com\\\/wp-content\\\/uploads\\\/2021\\\/07\\\/apple-icon-152x152-1.png\",\"contentUrl\":\"https:\\\/\\\/www.graines-voltz.com\\\/wp-content\\\/uploads\\\/2021\\\/07\\\/apple-icon-152x152-1.png\",\"width\":152,\"height\":152,\"caption\":\"Graines Voltz\"},\"image\":{\"@id\":\"https:\\\/\\\/www.graines-voltz.com\\\/en\\\/#\\\/schema\\\/logo\\\/image\\\/\"}}]}<\/script>\n<!-- \/ Yoast SEO plugin. -->","yoast_head_json":{"title":"Protection of personal data - Graines-Voltz","robots":{"index":"index","follow":"follow","max-snippet":"max-snippet:-1","max-image-preview":"max-image-preview:large","max-video-preview":"max-video-preview:-1"},"canonical":"https:\/\/www.graines-voltz.com\/en\/protection-of-personal-data\/","og_locale":"en_US","og_type":"article","og_title":"Protection of personal data - Graines-Voltz","og_url":"https:\/\/www.graines-voltz.com\/en\/protection-of-personal-data\/","og_site_name":"Graines-Voltz","article_modified_time":"2021-07-28T22:51:41+00:00","twitter_card":"summary_large_image","schema":{"@context":"https:\/\/schema.org","@graph":[{"@type":"WebPage","@id":"https:\/\/www.graines-voltz.com\/en\/protection-of-personal-data\/","url":"https:\/\/www.graines-voltz.com\/en\/protection-of-personal-data\/","name":"Protection of personal data - Graines-Voltz","isPartOf":{"@id":"https:\/\/www.graines-voltz.com\/en\/#website"},"datePublished":"2021-04-20T13:20:17+00:00","dateModified":"2021-07-28T22:51:41+00:00","breadcrumb":{"@id":"https:\/\/www.graines-voltz.com\/en\/protection-of-personal-data\/#breadcrumb"},"inLanguage":"en-US","potentialAction":[{"@type":"ReadAction","target":["https:\/\/www.graines-voltz.com\/en\/protection-of-personal-data\/"]}]},{"@type":"BreadcrumbList","@id":"https:\/\/www.graines-voltz.com\/en\/protection-of-personal-data\/#breadcrumb","itemListElement":[{"@type":"ListItem","position":1,"name":"Accueil","item":"https:\/\/www.graines-voltz.com\/en\/"},{"@type":"ListItem","position":2,"name":"Protection of personal data"}]},{"@type":"WebSite","@id":"https:\/\/www.graines-voltz.com\/en\/#website","url":"https:\/\/www.graines-voltz.com\/en\/","name":"Graines-Voltz","description":"Le sp\u00e9cialiste des meilleures g\u00e9n\u00e9tiques de graines potag\u00e8res en Europe","publisher":{"@id":"https:\/\/www.graines-voltz.com\/en\/#organization"},"potentialAction":[{"@type":"SearchAction","target":{"@type":"EntryPoint","urlTemplate":"https:\/\/www.graines-voltz.com\/en\/?s={search_term_string}"},"query-input":{"@type":"PropertyValueSpecification","valueRequired":true,"valueName":"search_term_string"}}],"inLanguage":"en-US"},{"@type":"Organization","@id":"https:\/\/www.graines-voltz.com\/en\/#organization","name":"Graines Voltz","url":"https:\/\/www.graines-voltz.com\/en\/","logo":{"@type":"ImageObject","inLanguage":"en-US","@id":"https:\/\/www.graines-voltz.com\/en\/#\/schema\/logo\/image\/","url":"https:\/\/www.graines-voltz.com\/wp-content\/uploads\/2021\/07\/apple-icon-152x152-1.png","contentUrl":"https:\/\/www.graines-voltz.com\/wp-content\/uploads\/2021\/07\/apple-icon-152x152-1.png","width":152,"height":152,"caption":"Graines Voltz"},"image":{"@id":"https:\/\/www.graines-voltz.com\/en\/#\/schema\/logo\/image\/"}}]}},"_links":{"self":[{"href":"https:\/\/www.graines-voltz.com\/en\/wp-json\/wp\/v2\/pages\/4154","targetHints":{"allow":["GET"]}}],"collection":[{"href":"https:\/\/www.graines-voltz.com\/en\/wp-json\/wp\/v2\/pages"}],"about":[{"href":"https:\/\/www.graines-voltz.com\/en\/wp-json\/wp\/v2\/types\/page"}],"author":[{"embeddable":true,"href":"https:\/\/www.graines-voltz.com\/en\/wp-json\/wp\/v2\/users\/1"}],"replies":[{"embeddable":true,"href":"https:\/\/www.graines-voltz.com\/en\/wp-json\/wp\/v2\/comments?post=4154"}],"version-history":[{"count":0,"href":"https:\/\/www.graines-voltz.com\/en\/wp-json\/wp\/v2\/pages\/4154\/revisions"}],"wp:attachment":[{"href":"https:\/\/www.graines-voltz.com\/en\/wp-json\/wp\/v2\/media?parent=4154"}],"curies":[{"name":"wp","href":"https:\/\/api.w.org\/{rel}","templated":true}]}}