{"id":4150,"date":"2021-07-29T00:40:54","date_gmt":"2021-07-28T22:40:54","guid":{"rendered":"https:\/\/www.graines-voltz.com\/?page_id=4150"},"modified":"2022-02-22T19:22:29","modified_gmt":"2022-02-22T18:22:29","slug":"legal-notices","status":"publish","type":"page","link":"https:\/\/www.graines-voltz.com\/en\/legal-notices\/","title":{"rendered":"Legal notices"},"content":{"rendered":"<div class=\"fusion-fullwidth fullwidth-box fusion-builder-row-1 fusion-flex-container nonhundred-percent-fullwidth non-hundred-percent-height-scrolling\" style=\"--awb-border-radius-top-left:0px;--awb-border-radius-top-right:0px;--awb-border-radius-bottom-right:0px;--awb-border-radius-bottom-left:0px;--awb-flex-wrap:wrap;\" ><div class=\"fusion-builder-row fusion-row fusion-flex-align-items-flex-start fusion-flex-content-wrap\" style=\"max-width:1248px;margin-left: calc(-4% \/ 2 );margin-right: calc(-4% \/ 2 );\"><div class=\"fusion-layout-column fusion_builder_column fusion-builder-column-0 fusion_builder_column_1_1 1_1 fusion-flex-column\" style=\"--awb-bg-size:cover;--awb-width-large:100%;--awb-margin-top-large:0px;--awb-spacing-right-large:1.92%;--awb-margin-bottom-large:20px;--awb-spacing-left-large:1.92%;--awb-width-medium:100%;--awb-order-medium:0;--awb-spacing-right-medium:1.92%;--awb-spacing-left-medium:1.92%;--awb-width-small:100%;--awb-order-small:0;--awb-spacing-right-small:1.92%;--awb-spacing-left-small:1.92%;\"><div class=\"fusion-column-wrapper fusion-column-has-shadow fusion-flex-justify-content-flex-start fusion-content-layout-column\"><div class=\"fusion-title title fusion-title-1 fusion-sep-none fusion-title-text fusion-title-size-three\" style=\"--awb-margin-bottom:15px;--awb-margin-top-small:5px;--awb-margin-right-small:0px;--awb-margin-bottom-small:0px;--awb-margin-left-small:0px;\"><h3 class=\"fusion-title-heading title-heading-left\" style=\"margin:0;\">Legal notice<\/h3><\/div><div class=\"fusion-text fusion-text-1 legal\" style=\"--awb-text-transform:none;\"><p>This site is the legal property of and is published by GRAINES VOLTZ S.A..<br \/>This legal notice was updated in July 2021.<\/p>\n<h5>1. Publisher<\/h5>\n<p>This site is the property of and is published by Graines Voltz SA, a public limited company with a capital of \u20ac1,480,265 \u20ac, whose registered office is located at 1, rue Edouard Branly in Colmar (68000), registered in the Colmar Trade and Companies Register under number 85B260, VAT number: FR44333822245, SIREN number: 333 822 245, APE code: 4621Z, in the person of its current legal representative The Director of the publication is Serge Voltz.<\/p>\n<h5>2. Hosting<\/h5>\n<p>The website www.graines-voltz.com is hosted by the company OVH, SAS with a capital of \u20ac10,069,020, registered in the Lille M\u00e9tropole Trade and Companies Register under number 424 761 419 00045 and whose registered office is located at 2 rue Kellermann in Roubaix (59100).<\/p>\n<p>The site www.graines-voltz.com is governed by French law; visitors accessing the site from abroad must ensure that they comply with locally applicable laws.<br \/>As the legal notices may be modified at any time and without prior notice, we encourage you to consult them regularly.<\/p>\n<h5>3. Intellectual property<\/h5>\n<p>Graines Voltz S.A. holds, reserves and retains all property rights, particularly intellectual property rights, including reproduction rights on this site and the elements it contains. Consequently, any partial or total reproduction of this site and the elements it contains is strictly forbidden without the written authorisation of Graines Voltz S.A.<\/p>\n<p>The logos and all other distinctive signs contained on this site are the property of Graines Voltz S.A. or are subject to authorisation for use. No right or licence may be granted for any of these elements without the written authorisation of Graines Voltz S.A. or the third party holder of the rights.<\/p>\n<h5>4. Exclusion of warranty and liability<\/h5>\n<p>The user of the website www.graines-voltz.com acknowledges that he\/she has read the present conditions of use of the site and undertakes to respect them.<\/p>\n<p>Graines Voltz S.A. shall not be held liable for any direct or indirect damage that may result from access to or use of the site and\/or this information, including inaccessibility, loss of data, deterioration, destruction or viruses that may affect the user&#8217;s computer equipment and\/or the presence of viruses on its site.<\/p>\n<p>Although Graines Voltz S.A. endeavours to provide reliable content on its site, it does not guarantee that its content is free from inaccuracies or omissions and cannot be held responsible for errors or omissions, or for the unavailability of information and services. Graines Voltz S.A. reserves the right to make improvements and\/or changes to the content of its site at any time and without prior notice. Consequently, the user acknowledges that he\/she is solely responsible for the use of this information.<\/p>\n<h5>5. Links to other sites<\/h5>\n<p>The site may include links to other sites or other Internet sources. Insofar as Graines Voltz S.A. cannot control these external sites and sources, Graines Voltz S.A. cannot be held responsible for the availability of these external sites and sources, and thus declines all responsibility for the content, advertising, products, services or any other material available on or from these external sites or sources. These links are offered to users of the www.graines-voltz.com website as a service. The decision to activate the links is yours alone. We remind you that non-affiliated sites are subject to their own terms of use.<\/p>\n<\/div><\/div><\/div><\/div><\/div>","protected":false},"excerpt":{"rendered":"","protected":false},"author":1,"featured_media":0,"parent":0,"menu_order":0,"comment_status":"closed","ping_status":"closed","template":"","meta":{"footnotes":""},"class_list":["post-4150","page","type-page","status-publish","hentry"],"yoast_head":"<!-- This site is optimized with the Yoast SEO plugin v27.4 - https:\/\/yoast.com\/product\/yoast-seo-wordpress\/ -->\n<title>Legal notices - Graines-Voltz<\/title>\n<meta name=\"robots\" content=\"index, follow, max-snippet:-1, max-image-preview:large, max-video-preview:-1\" \/>\n<link rel=\"canonical\" href=\"https:\/\/www.graines-voltz.com\/en\/legal-notices\/\" \/>\n<meta property=\"og:locale\" content=\"en_US\" \/>\n<meta property=\"og:type\" content=\"article\" \/>\n<meta property=\"og:title\" content=\"Legal notices - Graines-Voltz\" \/>\n<meta property=\"og:url\" content=\"https:\/\/www.graines-voltz.com\/en\/legal-notices\/\" \/>\n<meta property=\"og:site_name\" content=\"Graines-Voltz\" \/>\n<meta property=\"article:modified_time\" content=\"2022-02-22T18:22:29+00:00\" \/>\n<meta name=\"twitter:card\" content=\"summary_large_image\" \/>\n<meta name=\"twitter:label1\" content=\"Est. reading time\" \/>\n\t<meta name=\"twitter:data1\" content=\"4 minutes\" \/>\n<script type=\"application\/ld+json\" class=\"yoast-schema-graph\">{\"@context\":\"https:\\\/\\\/schema.org\",\"@graph\":[{\"@type\":\"WebPage\",\"@id\":\"https:\\\/\\\/www.graines-voltz.com\\\/en\\\/legal-notices\\\/\",\"url\":\"https:\\\/\\\/www.graines-voltz.com\\\/en\\\/legal-notices\\\/\",\"name\":\"Legal notices - Graines-Voltz\",\"isPartOf\":{\"@id\":\"https:\\\/\\\/www.graines-voltz.com\\\/en\\\/#website\"},\"datePublished\":\"2021-07-28T22:40:54+00:00\",\"dateModified\":\"2022-02-22T18:22:29+00:00\",\"breadcrumb\":{\"@id\":\"https:\\\/\\\/www.graines-voltz.com\\\/en\\\/legal-notices\\\/#breadcrumb\"},\"inLanguage\":\"en-US\",\"potentialAction\":[{\"@type\":\"ReadAction\",\"target\":[\"https:\\\/\\\/www.graines-voltz.com\\\/en\\\/legal-notices\\\/\"]}]},{\"@type\":\"BreadcrumbList\",\"@id\":\"https:\\\/\\\/www.graines-voltz.com\\\/en\\\/legal-notices\\\/#breadcrumb\",\"itemListElement\":[{\"@type\":\"ListItem\",\"position\":1,\"name\":\"Accueil\",\"item\":\"https:\\\/\\\/www.graines-voltz.com\\\/en\\\/\"},{\"@type\":\"ListItem\",\"position\":2,\"name\":\"Legal notices\"}]},{\"@type\":\"WebSite\",\"@id\":\"https:\\\/\\\/www.graines-voltz.com\\\/en\\\/#website\",\"url\":\"https:\\\/\\\/www.graines-voltz.com\\\/en\\\/\",\"name\":\"Graines-Voltz\",\"description\":\"Le sp\u00e9cialiste des meilleures g\u00e9n\u00e9tiques de graines potag\u00e8res en Europe\",\"publisher\":{\"@id\":\"https:\\\/\\\/www.graines-voltz.com\\\/en\\\/#organization\"},\"potentialAction\":[{\"@type\":\"SearchAction\",\"target\":{\"@type\":\"EntryPoint\",\"urlTemplate\":\"https:\\\/\\\/www.graines-voltz.com\\\/en\\\/?s={search_term_string}\"},\"query-input\":{\"@type\":\"PropertyValueSpecification\",\"valueRequired\":true,\"valueName\":\"search_term_string\"}}],\"inLanguage\":\"en-US\"},{\"@type\":\"Organization\",\"@id\":\"https:\\\/\\\/www.graines-voltz.com\\\/en\\\/#organization\",\"name\":\"Graines Voltz\",\"url\":\"https:\\\/\\\/www.graines-voltz.com\\\/en\\\/\",\"logo\":{\"@type\":\"ImageObject\",\"inLanguage\":\"en-US\",\"@id\":\"https:\\\/\\\/www.graines-voltz.com\\\/en\\\/#\\\/schema\\\/logo\\\/image\\\/\",\"url\":\"https:\\\/\\\/www.graines-voltz.com\\\/wp-content\\\/uploads\\\/2021\\\/07\\\/apple-icon-152x152-1.png\",\"contentUrl\":\"https:\\\/\\\/www.graines-voltz.com\\\/wp-content\\\/uploads\\\/2021\\\/07\\\/apple-icon-152x152-1.png\",\"width\":152,\"height\":152,\"caption\":\"Graines Voltz\"},\"image\":{\"@id\":\"https:\\\/\\\/www.graines-voltz.com\\\/en\\\/#\\\/schema\\\/logo\\\/image\\\/\"}}]}<\/script>\n<!-- \/ Yoast SEO plugin. -->","yoast_head_json":{"title":"Legal notices - Graines-Voltz","robots":{"index":"index","follow":"follow","max-snippet":"max-snippet:-1","max-image-preview":"max-image-preview:large","max-video-preview":"max-video-preview:-1"},"canonical":"https:\/\/www.graines-voltz.com\/en\/legal-notices\/","og_locale":"en_US","og_type":"article","og_title":"Legal notices - Graines-Voltz","og_url":"https:\/\/www.graines-voltz.com\/en\/legal-notices\/","og_site_name":"Graines-Voltz","article_modified_time":"2022-02-22T18:22:29+00:00","twitter_card":"summary_large_image","twitter_misc":{"Est. reading time":"4 minutes"},"schema":{"@context":"https:\/\/schema.org","@graph":[{"@type":"WebPage","@id":"https:\/\/www.graines-voltz.com\/en\/legal-notices\/","url":"https:\/\/www.graines-voltz.com\/en\/legal-notices\/","name":"Legal notices - Graines-Voltz","isPartOf":{"@id":"https:\/\/www.graines-voltz.com\/en\/#website"},"datePublished":"2021-07-28T22:40:54+00:00","dateModified":"2022-02-22T18:22:29+00:00","breadcrumb":{"@id":"https:\/\/www.graines-voltz.com\/en\/legal-notices\/#breadcrumb"},"inLanguage":"en-US","potentialAction":[{"@type":"ReadAction","target":["https:\/\/www.graines-voltz.com\/en\/legal-notices\/"]}]},{"@type":"BreadcrumbList","@id":"https:\/\/www.graines-voltz.com\/en\/legal-notices\/#breadcrumb","itemListElement":[{"@type":"ListItem","position":1,"name":"Accueil","item":"https:\/\/www.graines-voltz.com\/en\/"},{"@type":"ListItem","position":2,"name":"Legal notices"}]},{"@type":"WebSite","@id":"https:\/\/www.graines-voltz.com\/en\/#website","url":"https:\/\/www.graines-voltz.com\/en\/","name":"Graines-Voltz","description":"Le sp\u00e9cialiste des meilleures g\u00e9n\u00e9tiques de graines potag\u00e8res en Europe","publisher":{"@id":"https:\/\/www.graines-voltz.com\/en\/#organization"},"potentialAction":[{"@type":"SearchAction","target":{"@type":"EntryPoint","urlTemplate":"https:\/\/www.graines-voltz.com\/en\/?s={search_term_string}"},"query-input":{"@type":"PropertyValueSpecification","valueRequired":true,"valueName":"search_term_string"}}],"inLanguage":"en-US"},{"@type":"Organization","@id":"https:\/\/www.graines-voltz.com\/en\/#organization","name":"Graines Voltz","url":"https:\/\/www.graines-voltz.com\/en\/","logo":{"@type":"ImageObject","inLanguage":"en-US","@id":"https:\/\/www.graines-voltz.com\/en\/#\/schema\/logo\/image\/","url":"https:\/\/www.graines-voltz.com\/wp-content\/uploads\/2021\/07\/apple-icon-152x152-1.png","contentUrl":"https:\/\/www.graines-voltz.com\/wp-content\/uploads\/2021\/07\/apple-icon-152x152-1.png","width":152,"height":152,"caption":"Graines Voltz"},"image":{"@id":"https:\/\/www.graines-voltz.com\/en\/#\/schema\/logo\/image\/"}}]}},"_links":{"self":[{"href":"https:\/\/www.graines-voltz.com\/en\/wp-json\/wp\/v2\/pages\/4150","targetHints":{"allow":["GET"]}}],"collection":[{"href":"https:\/\/www.graines-voltz.com\/en\/wp-json\/wp\/v2\/pages"}],"about":[{"href":"https:\/\/www.graines-voltz.com\/en\/wp-json\/wp\/v2\/types\/page"}],"author":[{"embeddable":true,"href":"https:\/\/www.graines-voltz.com\/en\/wp-json\/wp\/v2\/users\/1"}],"replies":[{"embeddable":true,"href":"https:\/\/www.graines-voltz.com\/en\/wp-json\/wp\/v2\/comments?post=4150"}],"version-history":[{"count":1,"href":"https:\/\/www.graines-voltz.com\/en\/wp-json\/wp\/v2\/pages\/4150\/revisions"}],"predecessor-version":[{"id":6312,"href":"https:\/\/www.graines-voltz.com\/en\/wp-json\/wp\/v2\/pages\/4150\/revisions\/6312"}],"wp:attachment":[{"href":"https:\/\/www.graines-voltz.com\/en\/wp-json\/wp\/v2\/media?parent=4150"}],"curies":[{"name":"wp","href":"https:\/\/api.w.org\/{rel}","templated":true}]}}