{"id":2558,"date":"2021-05-26T17:52:23","date_gmt":"2021-05-26T15:52:23","guid":{"rendered":"https:\/\/www.graines-voltz.com\/our-job-offers\/"},"modified":"2021-07-12T17:35:54","modified_gmt":"2021-07-12T15:35:54","slug":"our-job-offers","status":"publish","type":"page","link":"https:\/\/www.graines-voltz.com\/en\/candidats\/our-job-offers\/","title":{"rendered":"Our job offers"},"content":{"rendered":"<div class=\"fusion-fullwidth fullwidth-box fusion-builder-row-1 fusion-flex-container fusion-parallax-none nonhundred-percent-fullwidth non-hundred-percent-height-scrolling lazyload\" style=\"--awb-border-radius-top-left:0px;--awb-border-radius-top-right:0px;--awb-border-radius-bottom-right:0px;--awb-border-radius-bottom-left:0px;--awb-padding-top:180px;--awb-padding-bottom:150px;--awb-margin-top:0px;--awb-margin-bottom:3vh;--awb-background-size:cover;--awb-flex-wrap:wrap;\" data-bg=\"https:\/\/www.graines-voltz.com\/wp-content\/uploads\/2021\/06\/Graines_Voltz_groupe_19.jpg\" ><div class=\"fusion-builder-row fusion-row fusion-flex-align-items-flex-start fusion-flex-content-wrap\" style=\"max-width:1248px;margin-left: calc(-4% \/ 2 );margin-right: calc(-4% \/ 2 );\"><div class=\"fusion-layout-column fusion_builder_column fusion-builder-column-0 fusion-flex-column\" style=\"--awb-bg-size:cover;--awb-width-large:8%;--awb-margin-top-large:0px;--awb-spacing-right-large:24%;--awb-margin-bottom-large:20px;--awb-spacing-left-large:24%;--awb-width-medium:8%;--awb-order-medium:0;--awb-spacing-right-medium:24%;--awb-spacing-left-medium:24%;--awb-width-small:100%;--awb-order-small:0;--awb-spacing-right-small:1.92%;--awb-spacing-left-small:1.92%;\"><div class=\"fusion-column-wrapper fusion-column-has-shadow fusion-flex-justify-content-flex-start fusion-content-layout-column\"><\/div><\/div><div class=\"fusion-layout-column fusion_builder_column fusion-builder-column-1 fusion_builder_column_1_3 1_3 fusion-flex-column fusion-flex-align-self-center fusion-animated\" style=\"--awb-padding-right:3vh;--awb-padding-left:3vh;--awb-overflow:hidden;--awb-bg-color:rgba(0,139,116,0.6);--awb-bg-color-hover:rgba(0,139,116,0.6);--awb-bg-size:cover;--awb-border-radius:10px 10px 10px 10px;--awb-width-large:33.333333333333%;--awb-margin-top-large:0px;--awb-spacing-right-large:5.76%;--awb-margin-bottom-large:20px;--awb-spacing-left-large:5.76%;--awb-width-medium:33.333333333333%;--awb-order-medium:0;--awb-spacing-right-medium:5.76%;--awb-spacing-left-medium:5.76%;--awb-width-small:100%;--awb-order-small:0;--awb-spacing-right-small:1.92%;--awb-spacing-left-small:1.92%;\" data-animationType=\"slideInLeft\" data-animationDuration=\"1.8\" data-animationOffset=\"top-into-view\"><div class=\"fusion-column-wrapper fusion-column-has-shadow fusion-flex-justify-content-space-evenly fusion-content-layout-column\"><div class=\"fusion-text fusion-text-1\" style=\"--awb-margin-top:2vh;\"><h2><span style=\"color: #ffffff;\">Our job offers<\/span><\/h2>\n<\/div><div class=\"fusion-title title fusion-title-1 fusion-sep-none fusion-title-text fusion-title-size-three\" style=\"--awb-text-color:#ffffff;--awb-margin-bottom:2vh;--awb-margin-top-small:5px;--awb-margin-right-small:0px;--awb-margin-bottom-small:0px;--awb-margin-left-small:0px;\"><h3 class=\"fusion-title-heading title-heading-left\" style=\"margin:0;\">A family business<\/h3><\/div><\/div><\/div><\/div><\/div><div class=\"fusion-fullwidth fullwidth-box fusion-builder-row-2 fusion-flex-container nonhundred-percent-fullwidth non-hundred-percent-height-scrolling\" style=\"--awb-border-radius-top-left:0px;--awb-border-radius-top-right:0px;--awb-border-radius-bottom-right:0px;--awb-border-radius-bottom-left:0px;--awb-flex-wrap:wrap;\" ><div class=\"fusion-builder-row fusion-row fusion-flex-align-items-flex-start fusion-flex-content-wrap\" style=\"max-width:1248px;margin-left: calc(-4% \/ 2 );margin-right: calc(-4% \/ 2 );\"><div class=\"fusion-layout-column fusion_builder_column fusion-builder-column-2 fusion_builder_column_1_1 1_1 fusion-flex-column\" style=\"--awb-bg-size:cover;--awb-width-large:100%;--awb-margin-top-large:0px;--awb-spacing-right-large:1.92%;--awb-margin-bottom-large:20px;--awb-spacing-left-large:1.92%;--awb-width-medium:100%;--awb-order-medium:0;--awb-spacing-right-medium:1.92%;--awb-spacing-left-medium:1.92%;--awb-width-small:100%;--awb-order-small:0;--awb-spacing-right-small:1.92%;--awb-spacing-left-small:1.92%;\"><div class=\"fusion-column-wrapper fusion-column-has-shadow fusion-flex-justify-content-flex-start fusion-content-layout-column\"><div class=\"fusion-text fusion-text-2\"><div class=\"accordian fusion-accordian toggle-annonce\" style=\"--awb-border-size:1px;--awb-icon-size:16px;--awb-content-font-size:16px;--awb-icon-alignment:right;--awb-hover-color:#f9f9fb;--awb-border-color:#e2e2e2;--awb-background-color:#ffffff;--awb-divider-color:#e2e2e2;--awb-divider-hover-color:#e2e2e2;--awb-icon-color:#ff936c;--awb-title-color:#ff936c;--awb-content-color:#8d908b;--awb-icon-box-color:#ffffff;--awb-toggle-hover-accent-color:#ffffff;--awb-title-font-family:&quot;Barlow Condensed&quot;;--awb-title-font-weight:600;--awb-title-font-style:normal;--awb-title-font-size:18px;--awb-content-font-family:&quot;Barlow&quot;;--awb-content-font-style:normal;--awb-content-font-weight:500;\"><div class=\"panel-group fusion-toggle-icon-right fusion-toggle-icon-boxed\" id=\"accordion-2558-1\">\n\n<div class=\"fusion-panel panel-default panel-3182f2763907a6a0d fusion-toggle-no-divider\"><div class=\"panel-heading\"><h4 class=\"panel-title toggle\" id=\"toggle_3182f2763907a6a0d\"><a aria-expanded=\"false\" aria-controls=\"3182f2763907a6a0d\" role=\"button\" data-toggle=\"collapse\" data-parent=\"#accordion-2558-1\" data-target=\"#3182f2763907a6a0d\" href=\"#3182f2763907a6a0d\"><span class=\"fusion-toggle-icon-wrapper\" aria-hidden=\"true\"><i class=\"fa-fusion-box active-icon awb-icon-minus\" aria-hidden=\"true\"><\/i><i class=\"fa-fusion-box inactive-icon awb-icon-plus\" aria-hidden=\"true\"><\/i><\/span><span class=\"fusion-toggle-heading\"><span class='annonce-activite'>Transverse<\/span><span class='annonce-contrat'>CDI<\/span><span class='annonce-poste'>Technico-commercial Sud de la France<\/span><span class='annonce-lieu'>Toulouse<\/span><\/span><\/a><\/h4><\/div><div id=\"3182f2763907a6a0d\" class=\"panel-collapse collapse \" aria-labelledby=\"toggle_3182f2763907a6a0d\"><div class=\"panel-body toggle-content fusion-clearfix\">\n\n<p>&#8211; D\u00e9velopper et fid\u00e9liser un portefeuille clients compos\u00e9 de p\u00e9pini\u00e9ristes, arboriculteurs, collectivit\u00e9s et autres professionnels du v\u00e9g\u00e9tal<br \/>\n&#8211; Prospecter de nouveaux clients et identifier les opportunit\u00e9s commerciales dans le Sud de la France<br \/>\n&#8211; Accompagner techniquement les clients dans leurs choix vari\u00e9taux, itin\u00e9raires culturaux et besoins sp\u00e9cifiques<br \/>\n&#8211; Assurer le suivi des commandes, de la planification \u00e0 la livraison, en lien \u00e9troit avec le service client et la production<br \/>\n&#8211; Participer aux salons afin de promouvoir nos gammes et notre savoir-faire<br \/>\n&#8211; Remonter les informations march\u00e9 (tendances, besoins clients, concurrence) pour contribuer \u00e0 l&#8217;\u00e9volution de notre offre<\/p>\n\n\n<hr \/>\n\n<span class=\"annonce-lieu\"><p>&#8211; Formation souhait\u00e9e en horticulture, agronomie ou commerce agricole<br \/>\n&#8211; Bonne connaissance de la p\u00e9pini\u00e8re et de l&#8217;horticulture<br \/>\n&#8211; Solides comp\u00e9tences en vente et en n\u00e9gociation, avec un vrai sens du service client<br \/>\n&#8211; Capacit\u00e9 \u00e0 mener un diagnostic technique, comprendre les probl\u00e9matiques culturales et proposer des solutions adapt\u00e9es<br \/>\n&#8211; Autonomie, organisation et capacit\u00e9 \u00e0 g\u00e9rer un secteur g\u00e9ographique \u00e9tendu<br \/>\n&#8211; Maitrise des outils informatiques et du reporting commercial<br \/>\n&#8211; Permis B indispensables (tr\u00e8s nombreux d\u00e9placements)<\/p>\n<p>Pour des raisons d&#8217;organisation et d&#8217;optimisation des d\u00e9placements sur la zone commerciale Toulouse &#8211; Montauban &#8211; Agen, le\/la candidat(e) devra id\u00e9alement r\u00e9sider au centre de ce secteur, ou \u00e0 proximit\u00e9 imm\u00e9diate, afin d&#8217;assurer une couverture efficace de l&#8217;ensemble du p\u00e9rim\u00e8tre.<\/p>\n<\/span> \n<a class=\"bouton-postuler\" href=\"\/candidats\/nos-offres-demploi\/postuler\/?id=4567\">Postuler<\/a>\n\n<\/div><\/div><\/div>\n<\/div><\/div>\n<\/div><\/div><\/div><\/div><\/div>","protected":false},"excerpt":{"rendered":"","protected":false},"author":1,"featured_media":0,"parent":3073,"menu_order":1,"comment_status":"closed","ping_status":"closed","template":"","meta":{"footnotes":""},"class_list":["post-2558","page","type-page","status-publish","hentry"],"yoast_head":"<!-- This site is optimized with the Yoast SEO plugin v27.4 - https:\/\/yoast.com\/product\/yoast-seo-wordpress\/ -->\n<title>Job vacancies at GRAINES VOLTZ<\/title>\n<meta name=\"description\" content=\"The Group offers positions for sales representatives, technicians and project managers based in Maine-et-Loire, Haut-Rhin and Haute-Savoie.\" \/>\n<meta name=\"robots\" content=\"index, follow, max-snippet:-1, max-image-preview:large, max-video-preview:-1\" \/>\n<link rel=\"canonical\" href=\"https:\/\/www.graines-voltz.com\/en\/candidats\/our-job-offers\/\" \/>\n<meta property=\"og:locale\" content=\"en_US\" \/>\n<meta property=\"og:type\" content=\"article\" \/>\n<meta property=\"og:title\" content=\"Job vacancies at GRAINES VOLTZ\" \/>\n<meta property=\"og:description\" content=\"The Group offers positions for sales representatives, technicians and project managers based in Maine-et-Loire, Haut-Rhin and Haute-Savoie.\" \/>\n<meta property=\"og:url\" content=\"https:\/\/www.graines-voltz.com\/en\/candidats\/our-job-offers\/\" \/>\n<meta property=\"og:site_name\" content=\"Graines-Voltz\" \/>\n<meta property=\"article:modified_time\" content=\"2021-07-12T15:35:54+00:00\" \/>\n<meta name=\"twitter:card\" content=\"summary_large_image\" \/>\n<meta name=\"twitter:label1\" content=\"Est. reading time\" \/>\n\t<meta name=\"twitter:data1\" content=\"7 minutes\" \/>\n<script type=\"application\/ld+json\" class=\"yoast-schema-graph\">{\"@context\":\"https:\\\/\\\/schema.org\",\"@graph\":[{\"@type\":\"WebPage\",\"@id\":\"https:\\\/\\\/www.graines-voltz.com\\\/en\\\/candidats\\\/our-job-offers\\\/\",\"url\":\"https:\\\/\\\/www.graines-voltz.com\\\/en\\\/candidats\\\/our-job-offers\\\/\",\"name\":\"Job vacancies at GRAINES VOLTZ\",\"isPartOf\":{\"@id\":\"https:\\\/\\\/www.graines-voltz.com\\\/en\\\/#website\"},\"datePublished\":\"2021-05-26T15:52:23+00:00\",\"dateModified\":\"2021-07-12T15:35:54+00:00\",\"description\":\"The Group offers positions for sales representatives, technicians and project managers based in Maine-et-Loire, Haut-Rhin and Haute-Savoie.\",\"breadcrumb\":{\"@id\":\"https:\\\/\\\/www.graines-voltz.com\\\/en\\\/candidats\\\/our-job-offers\\\/#breadcrumb\"},\"inLanguage\":\"en-US\",\"potentialAction\":[{\"@type\":\"ReadAction\",\"target\":[\"https:\\\/\\\/www.graines-voltz.com\\\/en\\\/candidats\\\/our-job-offers\\\/\"]}]},{\"@type\":\"BreadcrumbList\",\"@id\":\"https:\\\/\\\/www.graines-voltz.com\\\/en\\\/candidats\\\/our-job-offers\\\/#breadcrumb\",\"itemListElement\":[{\"@type\":\"ListItem\",\"position\":1,\"name\":\"Accueil\",\"item\":\"https:\\\/\\\/www.graines-voltz.com\\\/en\\\/\"},{\"@type\":\"ListItem\",\"position\":2,\"name\":\"Candidats\",\"item\":\"https:\\\/\\\/www.graines-voltz.com\\\/en\\\/candidats-2\\\/\"},{\"@type\":\"ListItem\",\"position\":3,\"name\":\"Our job offers\"}]},{\"@type\":\"WebSite\",\"@id\":\"https:\\\/\\\/www.graines-voltz.com\\\/en\\\/#website\",\"url\":\"https:\\\/\\\/www.graines-voltz.com\\\/en\\\/\",\"name\":\"Graines-Voltz\",\"description\":\"Le sp\u00e9cialiste des meilleures g\u00e9n\u00e9tiques de graines potag\u00e8res en Europe\",\"publisher\":{\"@id\":\"https:\\\/\\\/www.graines-voltz.com\\\/en\\\/#organization\"},\"potentialAction\":[{\"@type\":\"SearchAction\",\"target\":{\"@type\":\"EntryPoint\",\"urlTemplate\":\"https:\\\/\\\/www.graines-voltz.com\\\/en\\\/?s={search_term_string}\"},\"query-input\":{\"@type\":\"PropertyValueSpecification\",\"valueRequired\":true,\"valueName\":\"search_term_string\"}}],\"inLanguage\":\"en-US\"},{\"@type\":\"Organization\",\"@id\":\"https:\\\/\\\/www.graines-voltz.com\\\/en\\\/#organization\",\"name\":\"Graines Voltz\",\"url\":\"https:\\\/\\\/www.graines-voltz.com\\\/en\\\/\",\"logo\":{\"@type\":\"ImageObject\",\"inLanguage\":\"en-US\",\"@id\":\"https:\\\/\\\/www.graines-voltz.com\\\/en\\\/#\\\/schema\\\/logo\\\/image\\\/\",\"url\":\"https:\\\/\\\/www.graines-voltz.com\\\/wp-content\\\/uploads\\\/2021\\\/07\\\/apple-icon-152x152-1.png\",\"contentUrl\":\"https:\\\/\\\/www.graines-voltz.com\\\/wp-content\\\/uploads\\\/2021\\\/07\\\/apple-icon-152x152-1.png\",\"width\":152,\"height\":152,\"caption\":\"Graines Voltz\"},\"image\":{\"@id\":\"https:\\\/\\\/www.graines-voltz.com\\\/en\\\/#\\\/schema\\\/logo\\\/image\\\/\"}}]}<\/script>\n<!-- \/ Yoast SEO plugin. -->","yoast_head_json":{"title":"Job vacancies at GRAINES VOLTZ","description":"The Group offers positions for sales representatives, technicians and project managers based in Maine-et-Loire, Haut-Rhin and Haute-Savoie.","robots":{"index":"index","follow":"follow","max-snippet":"max-snippet:-1","max-image-preview":"max-image-preview:large","max-video-preview":"max-video-preview:-1"},"canonical":"https:\/\/www.graines-voltz.com\/en\/candidats\/our-job-offers\/","og_locale":"en_US","og_type":"article","og_title":"Job vacancies at GRAINES VOLTZ","og_description":"The Group offers positions for sales representatives, technicians and project managers based in Maine-et-Loire, Haut-Rhin and Haute-Savoie.","og_url":"https:\/\/www.graines-voltz.com\/en\/candidats\/our-job-offers\/","og_site_name":"Graines-Voltz","article_modified_time":"2021-07-12T15:35:54+00:00","twitter_card":"summary_large_image","twitter_misc":{"Est. reading time":"7 minutes"},"schema":{"@context":"https:\/\/schema.org","@graph":[{"@type":"WebPage","@id":"https:\/\/www.graines-voltz.com\/en\/candidats\/our-job-offers\/","url":"https:\/\/www.graines-voltz.com\/en\/candidats\/our-job-offers\/","name":"Job vacancies at GRAINES VOLTZ","isPartOf":{"@id":"https:\/\/www.graines-voltz.com\/en\/#website"},"datePublished":"2021-05-26T15:52:23+00:00","dateModified":"2021-07-12T15:35:54+00:00","description":"The Group offers positions for sales representatives, technicians and project managers based in Maine-et-Loire, Haut-Rhin and Haute-Savoie.","breadcrumb":{"@id":"https:\/\/www.graines-voltz.com\/en\/candidats\/our-job-offers\/#breadcrumb"},"inLanguage":"en-US","potentialAction":[{"@type":"ReadAction","target":["https:\/\/www.graines-voltz.com\/en\/candidats\/our-job-offers\/"]}]},{"@type":"BreadcrumbList","@id":"https:\/\/www.graines-voltz.com\/en\/candidats\/our-job-offers\/#breadcrumb","itemListElement":[{"@type":"ListItem","position":1,"name":"Accueil","item":"https:\/\/www.graines-voltz.com\/en\/"},{"@type":"ListItem","position":2,"name":"Candidats","item":"https:\/\/www.graines-voltz.com\/en\/candidats-2\/"},{"@type":"ListItem","position":3,"name":"Our job offers"}]},{"@type":"WebSite","@id":"https:\/\/www.graines-voltz.com\/en\/#website","url":"https:\/\/www.graines-voltz.com\/en\/","name":"Graines-Voltz","description":"Le sp\u00e9cialiste des meilleures g\u00e9n\u00e9tiques de graines potag\u00e8res en Europe","publisher":{"@id":"https:\/\/www.graines-voltz.com\/en\/#organization"},"potentialAction":[{"@type":"SearchAction","target":{"@type":"EntryPoint","urlTemplate":"https:\/\/www.graines-voltz.com\/en\/?s={search_term_string}"},"query-input":{"@type":"PropertyValueSpecification","valueRequired":true,"valueName":"search_term_string"}}],"inLanguage":"en-US"},{"@type":"Organization","@id":"https:\/\/www.graines-voltz.com\/en\/#organization","name":"Graines Voltz","url":"https:\/\/www.graines-voltz.com\/en\/","logo":{"@type":"ImageObject","inLanguage":"en-US","@id":"https:\/\/www.graines-voltz.com\/en\/#\/schema\/logo\/image\/","url":"https:\/\/www.graines-voltz.com\/wp-content\/uploads\/2021\/07\/apple-icon-152x152-1.png","contentUrl":"https:\/\/www.graines-voltz.com\/wp-content\/uploads\/2021\/07\/apple-icon-152x152-1.png","width":152,"height":152,"caption":"Graines Voltz"},"image":{"@id":"https:\/\/www.graines-voltz.com\/en\/#\/schema\/logo\/image\/"}}]}},"_links":{"self":[{"href":"https:\/\/www.graines-voltz.com\/en\/wp-json\/wp\/v2\/pages\/2558","targetHints":{"allow":["GET"]}}],"collection":[{"href":"https:\/\/www.graines-voltz.com\/en\/wp-json\/wp\/v2\/pages"}],"about":[{"href":"https:\/\/www.graines-voltz.com\/en\/wp-json\/wp\/v2\/types\/page"}],"author":[{"embeddable":true,"href":"https:\/\/www.graines-voltz.com\/en\/wp-json\/wp\/v2\/users\/1"}],"replies":[{"embeddable":true,"href":"https:\/\/www.graines-voltz.com\/en\/wp-json\/wp\/v2\/comments?post=2558"}],"version-history":[{"count":0,"href":"https:\/\/www.graines-voltz.com\/en\/wp-json\/wp\/v2\/pages\/2558\/revisions"}],"up":[{"embeddable":true,"href":"https:\/\/www.graines-voltz.com\/en\/wp-json\/wp\/v2\/pages\/3073"}],"wp:attachment":[{"href":"https:\/\/www.graines-voltz.com\/en\/wp-json\/wp\/v2\/media?parent=2558"}],"curies":[{"name":"wp","href":"https:\/\/api.w.org\/{rel}","templated":true}]}}