{"id":2546,"date":"2021-05-26T17:50:12","date_gmt":"2021-05-26T15:50:12","guid":{"rendered":"https:\/\/www.graines-voltz.com\/home\/our-bio-approach\/"},"modified":"2023-10-17T15:36:15","modified_gmt":"2023-10-17T13:36:15","slug":"our-bio-approach","status":"publish","type":"page","link":"https:\/\/www.graines-voltz.com\/en\/group\/our-bio-approach\/","title":{"rendered":"Our BIO approach"},"content":{"rendered":"<div class=\"fusion-fullwidth fullwidth-box fusion-builder-row-1 fusion-flex-container fusion-parallax-none nonhundred-percent-fullwidth non-hundred-percent-height-scrolling lazyload\" style=\"--awb-border-radius-top-left:0px;--awb-border-radius-top-right:0px;--awb-border-radius-bottom-right:0px;--awb-border-radius-bottom-left:0px;--awb-padding-top:180px;--awb-padding-bottom:150px;--awb-margin-top:0px;--awb-background-size:cover;--awb-flex-wrap:wrap;\" data-bg=\"https:\/\/www.graines-voltz.com\/wp-content\/uploads\/2021\/06\/Graines_Voltz_maraichage-12.jpg\" ><div class=\"fusion-builder-row fusion-row fusion-flex-align-items-flex-start fusion-flex-content-wrap\" style=\"max-width:1248px;margin-left: calc(-4% \/ 2 );margin-right: calc(-4% \/ 2 );\"><div class=\"fusion-layout-column fusion_builder_column fusion-builder-column-0 fusion-flex-column\" style=\"--awb-bg-size:cover;--awb-width-large:8%;--awb-margin-top-large:0px;--awb-spacing-right-large:24%;--awb-margin-bottom-large:20px;--awb-spacing-left-large:24%;--awb-width-medium:8%;--awb-order-medium:0;--awb-spacing-right-medium:24%;--awb-spacing-left-medium:24%;--awb-width-small:100%;--awb-order-small:0;--awb-spacing-right-small:1.92%;--awb-spacing-left-small:1.92%;\"><div class=\"fusion-column-wrapper fusion-column-has-shadow fusion-flex-justify-content-flex-start fusion-content-layout-column\"><\/div><\/div><div class=\"fusion-layout-column fusion_builder_column fusion-builder-column-1 fusion_builder_column_1_3 1_3 fusion-flex-column fusion-flex-align-self-center fusion-animated\" style=\"--awb-padding-right:3vh;--awb-padding-left:3vh;--awb-overflow:hidden;--awb-bg-color:rgba(0,139,116,0.6);--awb-bg-color-hover:rgba(0,139,116,0.6);--awb-bg-size:cover;--awb-border-radius:10px 10px 10px 10px;--awb-width-large:33.333333333333%;--awb-margin-top-large:0px;--awb-spacing-right-large:5.76%;--awb-margin-bottom-large:20px;--awb-spacing-left-large:5.76%;--awb-width-medium:33.333333333333%;--awb-order-medium:0;--awb-spacing-right-medium:5.76%;--awb-spacing-left-medium:5.76%;--awb-width-small:100%;--awb-order-small:0;--awb-spacing-right-small:1.92%;--awb-spacing-left-small:1.92%;\" data-animationType=\"slideInLeft\" data-animationDuration=\"1.8\" data-animationOffset=\"top-into-view\"><div class=\"fusion-column-wrapper fusion-column-has-shadow fusion-flex-justify-content-space-evenly fusion-content-layout-column\"><div class=\"fusion-text fusion-text-1\" style=\"--awb-margin-top:2vh;\"><h2><span style=\"color: #ffffff;\">Organic production<\/span><\/h2>\n<\/div><div class=\"fusion-title title fusion-title-1 fusion-sep-none fusion-title-text fusion-title-size-three\" style=\"--awb-text-color:#ffffff;--awb-margin-bottom:2vh;--awb-margin-top-small:5px;--awb-margin-right-small:0px;--awb-margin-bottom-small:0px;--awb-margin-left-small:0px;\"><h3 class=\"fusion-title-heading title-heading-left\" style=\"margin:0;\">Organic, a value rooted in consumer habits<\/h3><\/div><\/div><\/div><\/div><\/div><div class=\"fusion-fullwidth fullwidth-box fusion-builder-row-2 fusion-flex-container nonhundred-percent-fullwidth non-hundred-percent-height-scrolling\" style=\"--awb-border-radius-top-left:0px;--awb-border-radius-top-right:0px;--awb-border-radius-bottom-right:0px;--awb-border-radius-bottom-left:0px;--awb-margin-top:60px;--awb-margin-bottom:40px;--awb-flex-wrap:wrap;\" ><div class=\"fusion-builder-row fusion-row fusion-flex-align-items-flex-start fusion-flex-content-wrap\" style=\"max-width:1248px;margin-left: calc(-4% \/ 2 );margin-right: calc(-4% \/ 2 );\"><div class=\"fusion-layout-column fusion_builder_column fusion-builder-column-2 fusion_builder_column_1_5 1_5 fusion-flex-column\" style=\"--awb-bg-size:cover;--awb-width-large:20%;--awb-margin-top-large:0px;--awb-spacing-right-large:9.6%;--awb-margin-bottom-large:20px;--awb-spacing-left-large:9.6%;--awb-width-medium:20%;--awb-order-medium:0;--awb-spacing-right-medium:9.6%;--awb-spacing-left-medium:9.6%;--awb-width-small:100%;--awb-order-small:0;--awb-spacing-right-small:1.92%;--awb-spacing-left-small:1.92%;\"><div class=\"fusion-column-wrapper fusion-column-has-shadow fusion-flex-justify-content-flex-start fusion-content-layout-column\"><\/div><\/div><div class=\"fusion-layout-column fusion_builder_column fusion-builder-column-3 fusion_builder_column_3_5 3_5 fusion-flex-column fusion-flex-align-self-center\" style=\"--awb-bg-size:cover;--awb-width-large:60%;--awb-margin-top-large:0px;--awb-spacing-right-large:3.2%;--awb-margin-bottom-large:20px;--awb-spacing-left-large:3.2%;--awb-width-medium:60%;--awb-order-medium:0;--awb-spacing-right-medium:3.2%;--awb-spacing-left-medium:3.2%;--awb-width-small:100%;--awb-order-small:0;--awb-spacing-right-small:1.92%;--awb-spacing-left-small:1.92%;\"><div class=\"fusion-column-wrapper fusion-column-has-shadow fusion-flex-justify-content-flex-start fusion-content-layout-column\"><div class=\"fusion-title title fusion-title-2 fusion-sep-none fusion-title-center fusion-title-text fusion-title-size-two\" style=\"--awb-margin-bottom:0px;--awb-margin-top-small:5px;--awb-margin-right-small:0px;--awb-margin-bottom-small:0px;--awb-margin-left-small:0px;\"><h2 class=\"fusion-title-heading title-heading-center\" style=\"margin:0;\">Organic production<\/h2><\/div><div class=\"fusion-title title fusion-title-3 fusion-sep-none fusion-title-center fusion-title-text fusion-title-size-three\" style=\"--awb-margin-bottom:0px;--awb-margin-top-small:5px;--awb-margin-right-small:0px;--awb-margin-bottom-small:0px;--awb-margin-left-small:0px;\"><h3 class=\"fusion-title-heading title-heading-center\" style=\"margin:0;\">Organic, a value rooted in consumer habits<\/h3><\/div><div class=\"fusion-text fusion-text-2 marge-top\"><p style=\"text-align: center;\">In an environment that has changed dramatically in recent years, marked by numerous changes within the organic sector,\ninterest in locally-grown, short-distributed organic produce remains firmly rooted in consumer habits.<\/p>\n<\/div><\/div><\/div><div class=\"fusion-layout-column fusion_builder_column fusion-builder-column-4 fusion_builder_column_1_5 1_5 fusion-flex-column\" style=\"--awb-bg-size:cover;--awb-width-large:20%;--awb-margin-top-large:0px;--awb-spacing-right-large:9.6%;--awb-margin-bottom-large:20px;--awb-spacing-left-large:9.6%;--awb-width-medium:20%;--awb-order-medium:0;--awb-spacing-right-medium:9.6%;--awb-spacing-left-medium:9.6%;--awb-width-small:100%;--awb-order-small:0;--awb-spacing-right-small:1.92%;--awb-spacing-left-small:1.92%;\"><div class=\"fusion-column-wrapper fusion-column-has-shadow fusion-flex-justify-content-flex-start fusion-content-layout-column\"><\/div><\/div><\/div><\/div><div class=\"fusion-fullwidth fullwidth-box fusion-builder-row-3 fusion-flex-container nonhundred-percent-fullwidth non-hundred-percent-height-scrolling\" style=\"--awb-border-radius-top-left:0px;--awb-border-radius-top-right:0px;--awb-border-radius-bottom-right:0px;--awb-border-radius-bottom-left:0px;--awb-padding-top:40px;--awb-padding-bottom:40px;--awb-flex-wrap:wrap;\" ><div class=\"fusion-builder-row fusion-row fusion-flex-align-items-flex-start fusion-flex-content-wrap\" style=\"max-width:1248px;margin-left: calc(-4% \/ 2 );margin-right: calc(-4% \/ 2 );\"><div class=\"fusion-layout-column fusion_builder_column fusion-builder-column-5 fusion_builder_column_1_2 1_2 fusion-flex-column\" style=\"--awb-bg-size:cover;--awb-width-large:50%;--awb-margin-top-large:0px;--awb-spacing-right-large:3.84%;--awb-margin-bottom-large:20px;--awb-spacing-left-large:3.84%;--awb-width-medium:50%;--awb-order-medium:0;--awb-spacing-right-medium:3.84%;--awb-spacing-left-medium:3.84%;--awb-width-small:100%;--awb-order-small:0;--awb-spacing-right-small:1.92%;--awb-spacing-left-small:1.92%;\"><div class=\"fusion-column-wrapper fusion-column-has-shadow fusion-flex-justify-content-flex-start fusion-content-layout-column\"><div class=\"fusion-image-element \" style=\"text-align:center;--awb-max-width:500px;--awb-caption-title-font-family:var(--h2_typography-font-family);--awb-caption-title-font-weight:var(--h2_typography-font-weight);--awb-caption-title-font-style:var(--h2_typography-font-style);--awb-caption-title-size:var(--h2_typography-font-size);--awb-caption-title-transform:var(--h2_typography-text-transform);--awb-caption-title-line-height:var(--h2_typography-line-height);--awb-caption-title-letter-spacing:var(--h2_typography-letter-spacing);\"><span class=\" fusion-imageframe imageframe-none imageframe-1 hover-type-none\" style=\"border-radius:10px;\"><img decoding=\"async\" width=\"800\" height=\"533\" alt=\"Graines Voltz : Production Bio\" title=\"Voltz_Bio\" src=\"https:\/\/www.graines-voltz.com\/wp-content\/uploads\/2021\/05\/Voltz_Bio.jpg\" data-orig-src=\"https:\/\/www.graines-voltz.com\/wp-content\/uploads\/2021\/05\/Voltz_Bio-800x533.jpg\" class=\"lazyload img-responsive wp-image-320\" srcset=\"data:image\/svg+xml,%3Csvg%20xmlns%3D%27http%3A%2F%2Fwww.w3.org%2F2000%2Fsvg%27%20width%3D%271200%27%20height%3D%27800%27%20viewBox%3D%270%200%201200%20800%27%3E%3Crect%20width%3D%271200%27%20height%3D%27800%27%20fill-opacity%3D%220%22%2F%3E%3C%2Fsvg%3E\" data-srcset=\"https:\/\/www.graines-voltz.com\/wp-content\/uploads\/2021\/05\/Voltz_Bio-200x133.jpg 200w, https:\/\/www.graines-voltz.com\/wp-content\/uploads\/2021\/05\/Voltz_Bio-400x267.jpg 400w, https:\/\/www.graines-voltz.com\/wp-content\/uploads\/2021\/05\/Voltz_Bio-600x400.jpg 600w, https:\/\/www.graines-voltz.com\/wp-content\/uploads\/2021\/05\/Voltz_Bio-800x533.jpg 800w, https:\/\/www.graines-voltz.com\/wp-content\/uploads\/2021\/05\/Voltz_Bio.jpg 1200w\" data-sizes=\"auto\" data-orig-sizes=\"(max-width: 640px) 100vw, 600px\" \/><\/span><\/div><\/div><\/div><div class=\"fusion-layout-column fusion_builder_column fusion-builder-column-6 fusion_builder_column_1_2 1_2 fusion-flex-column\" style=\"--awb-padding-right:4vh;--awb-bg-size:cover;--awb-width-large:50%;--awb-margin-top-large:0px;--awb-spacing-right-large:3.84%;--awb-margin-bottom-large:20px;--awb-spacing-left-large:3.84%;--awb-width-medium:50%;--awb-order-medium:0;--awb-spacing-right-medium:3.84%;--awb-spacing-left-medium:3.84%;--awb-width-small:100%;--awb-order-small:0;--awb-spacing-right-small:1.92%;--awb-spacing-left-small:1.92%;\"><div class=\"fusion-column-wrapper fusion-column-has-shadow fusion-flex-justify-content-flex-start fusion-content-layout-column\"><div class=\"fusion-text fusion-text-3 marge-top\" style=\"--awb-margin-right:30px;--awb-margin-left:20px;\"><p>Today, fruit and vegetables that are rich in colour and flavour, healthy for humans and good for nature can be found on traditional town and village markets and for sale direct from the farm, as well as in new channels: producers&#8217; shops, drive-throughs, basket deliveries, collective sales outlets, vending machines, online sales, etc.<\/p>\n<p>GRAINES VOLTZ&#8217;s aim, in line with its customers&#8217; expectations, is to develop, expand and enhance the organic offer.<\/p>\n<\/div><\/div><\/div><\/div><\/div><div class=\"fusion-fullwidth fullwidth-box fusion-builder-row-4 fusion-flex-container nonhundred-percent-fullwidth non-hundred-percent-height-scrolling\" style=\"--awb-border-radius-top-left:0px;--awb-border-radius-top-right:0px;--awb-border-radius-bottom-right:0px;--awb-border-radius-bottom-left:0px;--awb-padding-top:40px;--awb-padding-bottom:40px;--awb-margin-bottom:3vh;--awb-flex-wrap:wrap;\" ><div class=\"fusion-builder-row fusion-row fusion-flex-align-items-center fusion-flex-content-wrap\" style=\"max-width:1248px;margin-left: calc(-4% \/ 2 );margin-right: calc(-4% \/ 2 );\"><div class=\"fusion-layout-column fusion_builder_column fusion-builder-column-7 fusion_builder_column_1_2 1_2 fusion-flex-column\" style=\"--awb-padding-right:4vh;--awb-bg-size:cover;--awb-width-large:50%;--awb-margin-top-large:0px;--awb-spacing-right-large:3.84%;--awb-margin-bottom-large:20px;--awb-spacing-left-large:3.84%;--awb-width-medium:50%;--awb-order-medium:0;--awb-spacing-right-medium:3.84%;--awb-spacing-left-medium:3.84%;--awb-width-small:100%;--awb-order-small:0;--awb-spacing-right-small:1.92%;--awb-spacing-left-small:1.92%;\"><div class=\"fusion-column-wrapper fusion-column-has-shadow fusion-flex-justify-content-flex-start fusion-content-layout-column\"><div class=\"fusion-title title fusion-title-4 fusion-sep-none fusion-title-text fusion-title-size-three\" style=\"--awb-margin-bottom:0px;--awb-margin-left:50px;--awb-margin-top-small:5px;--awb-margin-right-small:0px;--awb-margin-bottom-small:0px;--awb-margin-left-small:0px;\"><h3 class=\"fusion-title-heading title-heading-left\" style=\"margin:0;\">A fundamental trend<\/h3><\/div><div class=\"fusion-text fusion-text-4 marge-top\" style=\"--awb-margin-left:50px;\"><p>Convinced in the 1990s that tomorrow&#8217;s agriculture will require healthier food that is more respectful of the environment and people, Serge Voltz developed his first range of organic vegetable seeds in 1998. His challenge was to offer market gardeners setting up or converting to organic farming the same wide range of organic and conventional varieties, with the same high standards of quality and the same security of supply. The organic range evolves in close connection with the wishes, demands and convictions of consumers. Year after year, GRAINES VOLTZ revises its ranges and introduces new organic varieties as a priority.<\/p>\n<p>GRAINES VOLTZ is constantly on the lookout for new legal developments and anticipates fundamental trends in close partnership with the certification body, national authorities and suppliers from whom it selects the best varieties of the moment. The company thus ensures optimal quality and safety for its customers and consumers.<\/p>\n<\/div><\/div><\/div><div class=\"fusion-layout-column fusion_builder_column fusion-builder-column-8 fusion_builder_column_1_2 1_2 fusion-flex-column\" style=\"--awb-bg-size:cover;--awb-width-large:50%;--awb-margin-top-large:0px;--awb-spacing-right-large:3.84%;--awb-margin-bottom-large:20px;--awb-spacing-left-large:3.84%;--awb-width-medium:50%;--awb-order-medium:0;--awb-spacing-right-medium:3.84%;--awb-spacing-left-medium:3.84%;--awb-width-small:100%;--awb-order-small:0;--awb-spacing-right-small:1.92%;--awb-spacing-left-small:1.92%;\"><div class=\"fusion-column-wrapper fusion-column-has-shadow fusion-flex-justify-content-flex-start fusion-content-layout-column\"><div class=\"fusion-image-element \" style=\"text-align:center;--awb-max-width:500px;--awb-caption-title-font-family:var(--h2_typography-font-family);--awb-caption-title-font-weight:var(--h2_typography-font-weight);--awb-caption-title-font-style:var(--h2_typography-font-style);--awb-caption-title-size:var(--h2_typography-font-size);--awb-caption-title-transform:var(--h2_typography-text-transform);--awb-caption-title-line-height:var(--h2_typography-line-height);--awb-caption-title-letter-spacing:var(--h2_typography-letter-spacing);\"><span class=\" fusion-imageframe imageframe-none imageframe-2 hover-type-none\" style=\"border-radius:10px;\"><img decoding=\"async\" width=\"1200\" height=\"800\" alt=\"Graines Voltz : une production Bio\" title=\"various-organic-vegetables-UC5ZWBQ\" src=\"https:\/\/www.graines-voltz.com\/wp-content\/uploads\/2021\/05\/various-organic-vegetables-UC5ZWBQ.jpg\" data-orig-src=\"https:\/\/www.graines-voltz.com\/wp-content\/uploads\/2021\/05\/various-organic-vegetables-UC5ZWBQ.jpg\" class=\"lazyload img-responsive wp-image-373\" srcset=\"data:image\/svg+xml,%3Csvg%20xmlns%3D%27http%3A%2F%2Fwww.w3.org%2F2000%2Fsvg%27%20width%3D%271200%27%20height%3D%27800%27%20viewBox%3D%270%200%201200%20800%27%3E%3Crect%20width%3D%271200%27%20height%3D%27800%27%20fill-opacity%3D%220%22%2F%3E%3C%2Fsvg%3E\" data-srcset=\"https:\/\/www.graines-voltz.com\/wp-content\/uploads\/2021\/05\/various-organic-vegetables-UC5ZWBQ-200x133.jpg 200w, https:\/\/www.graines-voltz.com\/wp-content\/uploads\/2021\/05\/various-organic-vegetables-UC5ZWBQ-400x267.jpg 400w, https:\/\/www.graines-voltz.com\/wp-content\/uploads\/2021\/05\/various-organic-vegetables-UC5ZWBQ-600x400.jpg 600w, https:\/\/www.graines-voltz.com\/wp-content\/uploads\/2021\/05\/various-organic-vegetables-UC5ZWBQ-800x533.jpg 800w, https:\/\/www.graines-voltz.com\/wp-content\/uploads\/2021\/05\/various-organic-vegetables-UC5ZWBQ.jpg 1200w\" data-sizes=\"auto\" data-orig-sizes=\"(max-width: 640px) 100vw, 600px\" \/><\/span><\/div><\/div><\/div><\/div><\/div>","protected":false},"excerpt":{"rendered":"","protected":false},"author":2,"featured_media":0,"parent":2458,"menu_order":3,"comment_status":"closed","ping_status":"closed","template":"","meta":{"footnotes":""},"class_list":["post-2546","page","type-page","status-publish","hentry"],"yoast_head":"<!-- This site is optimized with the Yoast SEO plugin v27.4 - https:\/\/yoast.com\/product\/yoast-seo-wordpress\/ -->\n<title>Demand for organic products is growing strongly<\/title>\n<meta name=\"description\" content=\"The demand for locally grown and distributed organic products is growing rapidly.\" \/>\n<meta name=\"robots\" content=\"index, follow, max-snippet:-1, max-image-preview:large, max-video-preview:-1\" \/>\n<link rel=\"canonical\" href=\"https:\/\/www.graines-voltz.com\/en\/group\/our-bio-approach\/\" \/>\n<meta property=\"og:locale\" content=\"en_US\" \/>\n<meta property=\"og:type\" content=\"article\" \/>\n<meta property=\"og:title\" content=\"Demand for organic products is growing strongly\" \/>\n<meta property=\"og:description\" content=\"The demand for locally grown and distributed organic products is growing rapidly.\" \/>\n<meta property=\"og:url\" content=\"https:\/\/www.graines-voltz.com\/en\/group\/our-bio-approach\/\" \/>\n<meta property=\"og:site_name\" content=\"Graines-Voltz\" \/>\n<meta property=\"article:modified_time\" content=\"2023-10-17T13:36:15+00:00\" \/>\n<meta name=\"twitter:card\" content=\"summary_large_image\" \/>\n<meta name=\"twitter:label1\" content=\"Est. reading time\" \/>\n\t<meta name=\"twitter:data1\" content=\"23 minutes\" \/>\n<script type=\"application\/ld+json\" class=\"yoast-schema-graph\">{\"@context\":\"https:\\\/\\\/schema.org\",\"@graph\":[{\"@type\":\"WebPage\",\"@id\":\"https:\\\/\\\/www.graines-voltz.com\\\/en\\\/group\\\/our-bio-approach\\\/\",\"url\":\"https:\\\/\\\/www.graines-voltz.com\\\/en\\\/group\\\/our-bio-approach\\\/\",\"name\":\"Demand for organic products is growing strongly\",\"isPartOf\":{\"@id\":\"https:\\\/\\\/www.graines-voltz.com\\\/en\\\/#website\"},\"datePublished\":\"2021-05-26T15:50:12+00:00\",\"dateModified\":\"2023-10-17T13:36:15+00:00\",\"description\":\"The demand for locally grown and distributed organic products is growing rapidly.\",\"breadcrumb\":{\"@id\":\"https:\\\/\\\/www.graines-voltz.com\\\/en\\\/group\\\/our-bio-approach\\\/#breadcrumb\"},\"inLanguage\":\"en-US\",\"potentialAction\":[{\"@type\":\"ReadAction\",\"target\":[\"https:\\\/\\\/www.graines-voltz.com\\\/en\\\/group\\\/our-bio-approach\\\/\"]}]},{\"@type\":\"BreadcrumbList\",\"@id\":\"https:\\\/\\\/www.graines-voltz.com\\\/en\\\/group\\\/our-bio-approach\\\/#breadcrumb\",\"itemListElement\":[{\"@type\":\"ListItem\",\"position\":1,\"name\":\"Accueil\",\"item\":\"https:\\\/\\\/www.graines-voltz.com\\\/en\\\/\"},{\"@type\":\"ListItem\",\"position\":2,\"name\":\"Group\",\"item\":\"https:\\\/\\\/www.graines-voltz.com\\\/en\\\/groupe\\\/\"},{\"@type\":\"ListItem\",\"position\":3,\"name\":\"Our BIO approach\"}]},{\"@type\":\"WebSite\",\"@id\":\"https:\\\/\\\/www.graines-voltz.com\\\/en\\\/#website\",\"url\":\"https:\\\/\\\/www.graines-voltz.com\\\/en\\\/\",\"name\":\"Graines-Voltz\",\"description\":\"Le sp\u00e9cialiste des meilleures g\u00e9n\u00e9tiques de graines potag\u00e8res en Europe\",\"publisher\":{\"@id\":\"https:\\\/\\\/www.graines-voltz.com\\\/en\\\/#organization\"},\"potentialAction\":[{\"@type\":\"SearchAction\",\"target\":{\"@type\":\"EntryPoint\",\"urlTemplate\":\"https:\\\/\\\/www.graines-voltz.com\\\/en\\\/?s={search_term_string}\"},\"query-input\":{\"@type\":\"PropertyValueSpecification\",\"valueRequired\":true,\"valueName\":\"search_term_string\"}}],\"inLanguage\":\"en-US\"},{\"@type\":\"Organization\",\"@id\":\"https:\\\/\\\/www.graines-voltz.com\\\/en\\\/#organization\",\"name\":\"Graines Voltz\",\"url\":\"https:\\\/\\\/www.graines-voltz.com\\\/en\\\/\",\"logo\":{\"@type\":\"ImageObject\",\"inLanguage\":\"en-US\",\"@id\":\"https:\\\/\\\/www.graines-voltz.com\\\/en\\\/#\\\/schema\\\/logo\\\/image\\\/\",\"url\":\"https:\\\/\\\/www.graines-voltz.com\\\/wp-content\\\/uploads\\\/2021\\\/07\\\/apple-icon-152x152-1.png\",\"contentUrl\":\"https:\\\/\\\/www.graines-voltz.com\\\/wp-content\\\/uploads\\\/2021\\\/07\\\/apple-icon-152x152-1.png\",\"width\":152,\"height\":152,\"caption\":\"Graines Voltz\"},\"image\":{\"@id\":\"https:\\\/\\\/www.graines-voltz.com\\\/en\\\/#\\\/schema\\\/logo\\\/image\\\/\"}}]}<\/script>\n<!-- \/ Yoast SEO plugin. -->","yoast_head_json":{"title":"Demand for organic products is growing strongly","description":"The demand for locally grown and distributed organic products is growing rapidly.","robots":{"index":"index","follow":"follow","max-snippet":"max-snippet:-1","max-image-preview":"max-image-preview:large","max-video-preview":"max-video-preview:-1"},"canonical":"https:\/\/www.graines-voltz.com\/en\/group\/our-bio-approach\/","og_locale":"en_US","og_type":"article","og_title":"Demand for organic products is growing strongly","og_description":"The demand for locally grown and distributed organic products is growing rapidly.","og_url":"https:\/\/www.graines-voltz.com\/en\/group\/our-bio-approach\/","og_site_name":"Graines-Voltz","article_modified_time":"2023-10-17T13:36:15+00:00","twitter_card":"summary_large_image","twitter_misc":{"Est. reading time":"23 minutes"},"schema":{"@context":"https:\/\/schema.org","@graph":[{"@type":"WebPage","@id":"https:\/\/www.graines-voltz.com\/en\/group\/our-bio-approach\/","url":"https:\/\/www.graines-voltz.com\/en\/group\/our-bio-approach\/","name":"Demand for organic products is growing strongly","isPartOf":{"@id":"https:\/\/www.graines-voltz.com\/en\/#website"},"datePublished":"2021-05-26T15:50:12+00:00","dateModified":"2023-10-17T13:36:15+00:00","description":"The demand for locally grown and distributed organic products is growing rapidly.","breadcrumb":{"@id":"https:\/\/www.graines-voltz.com\/en\/group\/our-bio-approach\/#breadcrumb"},"inLanguage":"en-US","potentialAction":[{"@type":"ReadAction","target":["https:\/\/www.graines-voltz.com\/en\/group\/our-bio-approach\/"]}]},{"@type":"BreadcrumbList","@id":"https:\/\/www.graines-voltz.com\/en\/group\/our-bio-approach\/#breadcrumb","itemListElement":[{"@type":"ListItem","position":1,"name":"Accueil","item":"https:\/\/www.graines-voltz.com\/en\/"},{"@type":"ListItem","position":2,"name":"Group","item":"https:\/\/www.graines-voltz.com\/en\/groupe\/"},{"@type":"ListItem","position":3,"name":"Our BIO approach"}]},{"@type":"WebSite","@id":"https:\/\/www.graines-voltz.com\/en\/#website","url":"https:\/\/www.graines-voltz.com\/en\/","name":"Graines-Voltz","description":"Le sp\u00e9cialiste des meilleures g\u00e9n\u00e9tiques de graines potag\u00e8res en Europe","publisher":{"@id":"https:\/\/www.graines-voltz.com\/en\/#organization"},"potentialAction":[{"@type":"SearchAction","target":{"@type":"EntryPoint","urlTemplate":"https:\/\/www.graines-voltz.com\/en\/?s={search_term_string}"},"query-input":{"@type":"PropertyValueSpecification","valueRequired":true,"valueName":"search_term_string"}}],"inLanguage":"en-US"},{"@type":"Organization","@id":"https:\/\/www.graines-voltz.com\/en\/#organization","name":"Graines Voltz","url":"https:\/\/www.graines-voltz.com\/en\/","logo":{"@type":"ImageObject","inLanguage":"en-US","@id":"https:\/\/www.graines-voltz.com\/en\/#\/schema\/logo\/image\/","url":"https:\/\/www.graines-voltz.com\/wp-content\/uploads\/2021\/07\/apple-icon-152x152-1.png","contentUrl":"https:\/\/www.graines-voltz.com\/wp-content\/uploads\/2021\/07\/apple-icon-152x152-1.png","width":152,"height":152,"caption":"Graines Voltz"},"image":{"@id":"https:\/\/www.graines-voltz.com\/en\/#\/schema\/logo\/image\/"}}]}},"_links":{"self":[{"href":"https:\/\/www.graines-voltz.com\/en\/wp-json\/wp\/v2\/pages\/2546","targetHints":{"allow":["GET"]}}],"collection":[{"href":"https:\/\/www.graines-voltz.com\/en\/wp-json\/wp\/v2\/pages"}],"about":[{"href":"https:\/\/www.graines-voltz.com\/en\/wp-json\/wp\/v2\/types\/page"}],"author":[{"embeddable":true,"href":"https:\/\/www.graines-voltz.com\/en\/wp-json\/wp\/v2\/users\/2"}],"replies":[{"embeddable":true,"href":"https:\/\/www.graines-voltz.com\/en\/wp-json\/wp\/v2\/comments?post=2546"}],"version-history":[{"count":5,"href":"https:\/\/www.graines-voltz.com\/en\/wp-json\/wp\/v2\/pages\/2546\/revisions"}],"predecessor-version":[{"id":9102,"href":"https:\/\/www.graines-voltz.com\/en\/wp-json\/wp\/v2\/pages\/2546\/revisions\/9102"}],"up":[{"embeddable":true,"href":"https:\/\/www.graines-voltz.com\/en\/wp-json\/wp\/v2\/pages\/2458"}],"wp:attachment":[{"href":"https:\/\/www.graines-voltz.com\/en\/wp-json\/wp\/v2\/media?parent=2546"}],"curies":[{"name":"wp","href":"https:\/\/api.w.org\/{rel}","templated":true}]}}