{"id":2494,"date":"2021-05-26T17:42:27","date_gmt":"2021-05-26T15:42:27","guid":{"rendered":"https:\/\/www.graines-voltz.com\/strategy\/our-reason-for-being\/"},"modified":"2023-04-26T17:19:34","modified_gmt":"2023-04-26T15:19:34","slug":"our-reason-for-being","status":"publish","type":"page","link":"https:\/\/www.graines-voltz.com\/en\/strategy\/our-reason-for-being\/","title":{"rendered":"Our reason for being"},"content":{"rendered":"<div class=\"fusion-fullwidth fullwidth-box fusion-builder-row-1 fusion-flex-container fusion-parallax-none nonhundred-percent-fullwidth non-hundred-percent-height-scrolling lazyload\" style=\"--awb-border-radius-top-left:0px;--awb-border-radius-top-right:0px;--awb-border-radius-bottom-right:0px;--awb-border-radius-bottom-left:0px;--awb-padding-top:180px;--awb-padding-bottom:150px;--awb-margin-top:0px;--awb-background-size:cover;--awb-flex-wrap:wrap;\" data-bg=\"https:\/\/www.graines-voltz.com\/wp-content\/uploads\/2021\/06\/Graines_Voltz_hortticulture-04.jpg\" ><div class=\"fusion-builder-row fusion-row fusion-flex-align-items-flex-start fusion-flex-content-wrap\" style=\"max-width:1248px;margin-left: calc(-4% \/ 2 );margin-right: calc(-4% \/ 2 );\"><div class=\"fusion-layout-column fusion_builder_column fusion-builder-column-0 fusion-flex-column\" style=\"--awb-bg-size:cover;--awb-width-large:8%;--awb-margin-top-large:0px;--awb-spacing-right-large:24%;--awb-margin-bottom-large:20px;--awb-spacing-left-large:24%;--awb-width-medium:8%;--awb-order-medium:0;--awb-spacing-right-medium:24%;--awb-spacing-left-medium:24%;--awb-width-small:100%;--awb-order-small:0;--awb-spacing-right-small:1.92%;--awb-spacing-left-small:1.92%;\"><div class=\"fusion-column-wrapper fusion-column-has-shadow fusion-flex-justify-content-flex-start fusion-content-layout-column\"><\/div><\/div><div class=\"fusion-layout-column fusion_builder_column fusion-builder-column-1 fusion_builder_column_2_5 2_5 fusion-flex-column fusion-flex-align-self-center fusion-animated\" style=\"--awb-padding-right:3vh;--awb-padding-left:3vh;--awb-overflow:hidden;--awb-bg-color:rgba(0,139,116,0.6);--awb-bg-color-hover:rgba(0,139,116,0.6);--awb-bg-size:cover;--awb-border-radius:10px 10px 10px 10px;--awb-width-large:40%;--awb-margin-top-large:0px;--awb-spacing-right-large:4.8%;--awb-margin-bottom-large:20px;--awb-spacing-left-large:4.8%;--awb-width-medium:40%;--awb-order-medium:0;--awb-spacing-right-medium:4.8%;--awb-spacing-left-medium:4.8%;--awb-width-small:100%;--awb-order-small:0;--awb-spacing-right-small:1.92%;--awb-spacing-left-small:1.92%;\" data-animationType=\"slideInLeft\" data-animationDuration=\"1.8\" data-animationOffset=\"top-into-view\"><div class=\"fusion-column-wrapper fusion-column-has-shadow fusion-flex-justify-content-space-evenly fusion-content-layout-column\"><div class=\"fusion-text fusion-text-1\" style=\"--awb-margin-top:2vh;\"><h2><span style=\"color: #ffffff;\">The purpose<\/span><\/h2>\n<\/div><div class=\"fusion-title title fusion-title-1 fusion-sep-none fusion-title-text fusion-title-size-three\" style=\"--awb-text-color:#ffffff;--awb-margin-bottom:2vh;--awb-margin-top-small:5px;--awb-margin-right-small:0px;--awb-margin-bottom-small:0px;--awb-margin-left-small:0px;--awb-font-size:28px;\"><h3 class=\"fusion-title-heading title-heading-left\" style=\"margin:0;font-size:1em;\">Helping to make the world a better place in the long term<\/h3><\/div><\/div><\/div><\/div><\/div><div class=\"fusion-fullwidth fullwidth-box fusion-builder-row-2 fusion-flex-container nonhundred-percent-fullwidth non-hundred-percent-height-scrolling\" style=\"--awb-border-radius-top-left:0px;--awb-border-radius-top-right:0px;--awb-border-radius-bottom-right:0px;--awb-border-radius-bottom-left:0px;--awb-margin-top:60px;--awb-margin-bottom:40px;--awb-flex-wrap:wrap;\" ><div class=\"fusion-builder-row fusion-row fusion-flex-align-items-flex-start fusion-flex-content-wrap\" style=\"max-width:1248px;margin-left: calc(-4% \/ 2 );margin-right: calc(-4% \/ 2 );\"><div class=\"fusion-layout-column fusion_builder_column fusion-builder-column-2 fusion_builder_column_1_5 1_5 fusion-flex-column\" style=\"--awb-bg-size:cover;--awb-width-large:20%;--awb-margin-top-large:0px;--awb-spacing-right-large:9.6%;--awb-margin-bottom-large:20px;--awb-spacing-left-large:9.6%;--awb-width-medium:20%;--awb-order-medium:0;--awb-spacing-right-medium:9.6%;--awb-spacing-left-medium:9.6%;--awb-width-small:100%;--awb-order-small:0;--awb-spacing-right-small:1.92%;--awb-spacing-left-small:1.92%;\"><div class=\"fusion-column-wrapper fusion-column-has-shadow fusion-flex-justify-content-flex-start fusion-content-layout-column\"><\/div><\/div><div class=\"fusion-layout-column fusion_builder_column fusion-builder-column-3 fusion_builder_column_3_5 3_5 fusion-flex-column fusion-flex-align-self-center\" style=\"--awb-bg-size:cover;--awb-width-large:60%;--awb-margin-top-large:0px;--awb-spacing-right-large:3.2%;--awb-margin-bottom-large:20px;--awb-spacing-left-large:3.2%;--awb-width-medium:60%;--awb-order-medium:0;--awb-spacing-right-medium:3.2%;--awb-spacing-left-medium:3.2%;--awb-width-small:100%;--awb-order-small:0;--awb-spacing-right-small:1.92%;--awb-spacing-left-small:1.92%;\"><div class=\"fusion-column-wrapper fusion-column-has-shadow fusion-flex-justify-content-flex-start fusion-content-layout-column\"><div class=\"fusion-title title fusion-title-2 fusion-sep-none fusion-title-center fusion-title-text fusion-title-size-two\" style=\"--awb-margin-bottom:0px;--awb-margin-top-small:5px;--awb-margin-right-small:0px;--awb-margin-bottom-small:0px;--awb-margin-left-small:0px;\"><h2 class=\"fusion-title-heading title-heading-center\" style=\"margin:0;\">The purpose<\/h2><\/div><div class=\"fusion-title title fusion-title-3 fusion-sep-none fusion-title-center fusion-title-text fusion-title-size-three\" style=\"--awb-margin-bottom:0px;--awb-margin-top-small:5px;--awb-margin-right-small:0px;--awb-margin-bottom-small:0px;--awb-margin-left-small:0px;\"><h3 class=\"fusion-title-heading title-heading-center\" style=\"margin:0;\">Helping to make the world a better place in the long term<\/h3><\/div><div class=\"fusion-text fusion-text-2 marge-top\"><p style=\"text-align: center;\">Graines Voltz is not only a distributor of quality seeds for professionals. Graines Voltz is not only a distributor of quality seeds for professionals. Its activity is above all based on strong convictions and values that have enabled it to grow in the past, to achieve its objectives in the present and to ensure its sustainability in the future.<\/p>\n<\/div><\/div><\/div><div class=\"fusion-layout-column fusion_builder_column fusion-builder-column-4 fusion_builder_column_1_5 1_5 fusion-flex-column\" style=\"--awb-bg-size:cover;--awb-width-large:20%;--awb-margin-top-large:0px;--awb-spacing-right-large:9.6%;--awb-margin-bottom-large:20px;--awb-spacing-left-large:9.6%;--awb-width-medium:20%;--awb-order-medium:0;--awb-spacing-right-medium:9.6%;--awb-spacing-left-medium:9.6%;--awb-width-small:100%;--awb-order-small:0;--awb-spacing-right-small:1.92%;--awb-spacing-left-small:1.92%;\"><div class=\"fusion-column-wrapper fusion-column-has-shadow fusion-flex-justify-content-flex-start fusion-content-layout-column\"><\/div><\/div><\/div><\/div><div class=\"fusion-fullwidth fullwidth-box fusion-builder-row-3 fusion-flex-container nonhundred-percent-fullwidth non-hundred-percent-height-scrolling\" style=\"--awb-border-radius-top-left:0px;--awb-border-radius-top-right:0px;--awb-border-radius-bottom-right:0px;--awb-border-radius-bottom-left:0px;--awb-padding-top:40px;--awb-padding-bottom:40px;--awb-flex-wrap:wrap;\" ><div class=\"fusion-builder-row fusion-row fusion-flex-align-items-flex-start fusion-flex-content-wrap\" style=\"max-width:1248px;margin-left: calc(-4% \/ 2 );margin-right: calc(-4% \/ 2 );\"><div class=\"fusion-layout-column fusion_builder_column fusion-builder-column-5 fusion_builder_column_1_2 1_2 fusion-flex-column\" style=\"--awb-bg-size:cover;--awb-width-large:50%;--awb-margin-top-large:0px;--awb-spacing-right-large:3.84%;--awb-margin-bottom-large:20px;--awb-spacing-left-large:3.84%;--awb-width-medium:50%;--awb-order-medium:0;--awb-spacing-right-medium:3.84%;--awb-spacing-left-medium:3.84%;--awb-width-small:100%;--awb-order-small:0;--awb-spacing-right-small:1.92%;--awb-spacing-left-small:1.92%;\"><div class=\"fusion-column-wrapper fusion-column-has-shadow fusion-flex-justify-content-flex-start fusion-content-layout-column\"><div class=\"fusion-image-element \" style=\"text-align:center;--awb-max-width:500px;--awb-caption-title-font-family:var(--h2_typography-font-family);--awb-caption-title-font-weight:var(--h2_typography-font-weight);--awb-caption-title-font-style:var(--h2_typography-font-style);--awb-caption-title-size:var(--h2_typography-font-size);--awb-caption-title-transform:var(--h2_typography-text-transform);--awb-caption-title-line-height:var(--h2_typography-line-height);--awb-caption-title-letter-spacing:var(--h2_typography-letter-spacing);\"><span class=\" fusion-imageframe imageframe-none imageframe-1 hover-type-none\" style=\"border-radius:10px;\"><img decoding=\"async\" width=\"1200\" height=\"800\" alt=\"GRAINES VOLTZ a toujours privil\u00e9gi\u00e9 une forte proximit\u00e9 et une \u00e9coute attentive \" title=\"Graines_Voltz_groupe_02\" src=\"https:\/\/www.graines-voltz.com\/wp-content\/uploads\/2021\/06\/Graines_Voltz_groupe_02.jpg\" data-orig-src=\"https:\/\/www.graines-voltz.com\/wp-content\/uploads\/2021\/06\/Graines_Voltz_groupe_02.jpg\" class=\"lazyload img-responsive wp-image-846\" srcset=\"data:image\/svg+xml,%3Csvg%20xmlns%3D%27http%3A%2F%2Fwww.w3.org%2F2000%2Fsvg%27%20width%3D%271200%27%20height%3D%27800%27%20viewBox%3D%270%200%201200%20800%27%3E%3Crect%20width%3D%271200%27%20height%3D%27800%27%20fill-opacity%3D%220%22%2F%3E%3C%2Fsvg%3E\" data-srcset=\"https:\/\/www.graines-voltz.com\/wp-content\/uploads\/2021\/06\/Graines_Voltz_groupe_02-200x133.jpg 200w, https:\/\/www.graines-voltz.com\/wp-content\/uploads\/2021\/06\/Graines_Voltz_groupe_02-400x267.jpg 400w, https:\/\/www.graines-voltz.com\/wp-content\/uploads\/2021\/06\/Graines_Voltz_groupe_02-600x400.jpg 600w, https:\/\/www.graines-voltz.com\/wp-content\/uploads\/2021\/06\/Graines_Voltz_groupe_02-800x533.jpg 800w, https:\/\/www.graines-voltz.com\/wp-content\/uploads\/2021\/06\/Graines_Voltz_groupe_02.jpg 1200w\" data-sizes=\"auto\" data-orig-sizes=\"(max-width: 640px) 100vw, 600px\" \/><\/span><\/div><\/div><\/div><div class=\"fusion-layout-column fusion_builder_column fusion-builder-column-6 fusion_builder_column_1_2 1_2 fusion-flex-column\" style=\"--awb-padding-right:4vh;--awb-bg-size:cover;--awb-width-large:50%;--awb-margin-top-large:0px;--awb-spacing-right-large:3.84%;--awb-margin-bottom-large:20px;--awb-spacing-left-large:3.84%;--awb-width-medium:50%;--awb-order-medium:0;--awb-spacing-right-medium:3.84%;--awb-spacing-left-medium:3.84%;--awb-width-small:100%;--awb-order-small:0;--awb-spacing-right-small:1.92%;--awb-spacing-left-small:1.92%;\"><div class=\"fusion-column-wrapper fusion-column-has-shadow fusion-flex-justify-content-flex-start fusion-content-layout-column\"><div class=\"fusion-text fusion-text-3 marge-top\" style=\"--awb-margin-right:30px;--awb-margin-left:20px;\"><p>This is how, in 37 years, a small Alsatian company has gone from being a local player in Colmar to a reference company in France and one of the leading independent European distributors of flower and vegetable seeds.<\/p>\n<p>In order to understand and anticipate the new expectations of end consumers, Graines Voltz has always favored a <strong>strong proximity<\/strong> to its customers and <strong>attentive listening<\/strong> to their needs: local authorities, market gardeners, tree nurseries or horticulturists, as well as their individual consumer customers.<\/p>\n<p>The company has always been driven by the desire to contribute to healthier food for people and more environmentally friendly agriculture. Every day, Graines Voltz employees apply the values that form the basis of the company: <strong>passion, freedom, sharing, proximity, performance and commitment.<\/strong><\/p>\n<\/div><\/div><\/div><\/div><\/div><div class=\"fusion-fullwidth fullwidth-box fusion-builder-row-4 fusion-flex-container nonhundred-percent-fullwidth non-hundred-percent-height-scrolling\" style=\"--awb-border-radius-top-left:0px;--awb-border-radius-top-right:0px;--awb-border-radius-bottom-right:0px;--awb-border-radius-bottom-left:0px;--awb-padding-top:40px;--awb-margin-bottom:2vh;--awb-flex-wrap:wrap;\" ><div class=\"fusion-builder-row fusion-row fusion-flex-align-items-center fusion-flex-content-wrap\" style=\"max-width:1248px;margin-left: calc(-4% \/ 2 );margin-right: calc(-4% \/ 2 );\"><div class=\"fusion-layout-column fusion_builder_column fusion-builder-column-7 fusion_builder_column_1_2 1_2 fusion-flex-column\" style=\"--awb-padding-right:4vh;--awb-bg-size:cover;--awb-width-large:50%;--awb-margin-top-large:0px;--awb-spacing-right-large:3.84%;--awb-margin-bottom-large:20px;--awb-spacing-left-large:3.84%;--awb-width-medium:50%;--awb-order-medium:0;--awb-spacing-right-medium:3.84%;--awb-spacing-left-medium:3.84%;--awb-width-small:100%;--awb-order-small:0;--awb-spacing-right-small:1.92%;--awb-spacing-left-small:1.92%;\"><div class=\"fusion-column-wrapper fusion-column-has-shadow fusion-flex-justify-content-flex-start fusion-content-layout-column\"><div class=\"fusion-text fusion-text-4 marge-top\" style=\"--awb-margin-left:40px;\"><p>They all share the same desire to offer customers the healthiest, most nutritious, most useful and most beautiful products: <strong>the best products on the market<\/strong>. . Without compromise. These shared values give true meaning to Graines Voltz\u2019s mission: \u201cHelping to feed and beautify the world sustainably\u201d.<\/p>\n<p>This is why Graines Voltz is a unique company, strong, proud of its difference and recognised as such in Europe.<\/p>\n<p>This commitment to a better world is confirmed in the long term by the arrival of the second generation of Voltzs who are now joining the company. It is a guarantee that Graines Voltz is a family business and intends to remain so. By choosing Graines Voltz, customers are not only buying seeds and plants, they are also recognising their own values.<\/p>\n<\/div><\/div><\/div><div class=\"fusion-layout-column fusion_builder_column fusion-builder-column-8 fusion_builder_column_1_2 1_2 fusion-flex-column\" style=\"--awb-bg-size:cover;--awb-width-large:50%;--awb-margin-top-large:0px;--awb-spacing-right-large:3.84%;--awb-margin-bottom-large:20px;--awb-spacing-left-large:3.84%;--awb-width-medium:50%;--awb-order-medium:0;--awb-spacing-right-medium:3.84%;--awb-spacing-left-medium:3.84%;--awb-width-small:100%;--awb-order-small:0;--awb-spacing-right-small:1.92%;--awb-spacing-left-small:1.92%;\"><div class=\"fusion-column-wrapper fusion-column-has-shadow fusion-flex-justify-content-flex-start fusion-content-layout-column\"><div class=\"fusion-image-element \" style=\"text-align:center;--awb-max-width:500px;--awb-caption-title-font-family:var(--h2_typography-font-family);--awb-caption-title-font-weight:var(--h2_typography-font-weight);--awb-caption-title-font-style:var(--h2_typography-font-style);--awb-caption-title-size:var(--h2_typography-font-size);--awb-caption-title-transform:var(--h2_typography-text-transform);--awb-caption-title-line-height:var(--h2_typography-line-height);--awb-caption-title-letter-spacing:var(--h2_typography-letter-spacing);\"><span class=\" fusion-imageframe imageframe-none imageframe-2 hover-type-none\" style=\"border-radius:10px;\"><img decoding=\"async\" width=\"1024\" height=\"576\" alt=\"Graines Voltz : les meilleurs produits du march\u00e9.\" title=\"sival_2017_01_GV\" src=\"https:\/\/www.graines-voltz.com\/wp-content\/uploads\/2021\/07\/sival_2017_01_GV.jpg\" data-orig-src=\"https:\/\/www.graines-voltz.com\/wp-content\/uploads\/2021\/07\/sival_2017_01_GV-1024x576.jpg\" class=\"lazyload img-responsive wp-image-3938\" srcset=\"data:image\/svg+xml,%3Csvg%20xmlns%3D%27http%3A%2F%2Fwww.w3.org%2F2000%2Fsvg%27%20width%3D%271280%27%20height%3D%27720%27%20viewBox%3D%270%200%201280%20720%27%3E%3Crect%20width%3D%271280%27%20height%3D%27720%27%20fill-opacity%3D%220%22%2F%3E%3C%2Fsvg%3E\" data-srcset=\"https:\/\/www.graines-voltz.com\/wp-content\/uploads\/2021\/07\/sival_2017_01_GV-200x113.jpg 200w, https:\/\/www.graines-voltz.com\/wp-content\/uploads\/2021\/07\/sival_2017_01_GV-400x225.jpg 400w, https:\/\/www.graines-voltz.com\/wp-content\/uploads\/2021\/07\/sival_2017_01_GV-600x338.jpg 600w, https:\/\/www.graines-voltz.com\/wp-content\/uploads\/2021\/07\/sival_2017_01_GV-800x450.jpg 800w, https:\/\/www.graines-voltz.com\/wp-content\/uploads\/2021\/07\/sival_2017_01_GV-1200x675.jpg 1200w, https:\/\/www.graines-voltz.com\/wp-content\/uploads\/2021\/07\/sival_2017_01_GV.jpg 1280w\" data-sizes=\"auto\" data-orig-sizes=\"(max-width: 640px) 100vw, 600px\" \/><\/span><\/div><\/div><\/div><\/div><\/div>","protected":false},"excerpt":{"rendered":"","protected":false},"author":2,"featured_media":0,"parent":2485,"menu_order":0,"comment_status":"closed","ping_status":"closed","template":"","meta":{"footnotes":""},"class_list":["post-2494","page","type-page","status-publish","hentry"],"yoast_head":"<!-- This site is optimized with the Yoast SEO plugin v27.5 - https:\/\/yoast.com\/product\/yoast-seo-wordpress\/ -->\n<title>Our raison d&#039;\u00eatre: to beautify the world sustainably.<\/title>\n<meta name=\"description\" content=\"Graines Voltz contributes to beautifying the world in a sustainable way thanks to its proximity to its customers and its constant search for innovative, beautiful and good quality products.\" \/>\n<meta name=\"robots\" content=\"index, follow, max-snippet:-1, max-image-preview:large, max-video-preview:-1\" \/>\n<link rel=\"canonical\" href=\"https:\/\/www.graines-voltz.com\/en\/strategy\/our-reason-for-being\/\" \/>\n<meta property=\"og:locale\" content=\"en_US\" \/>\n<meta property=\"og:type\" content=\"article\" \/>\n<meta property=\"og:title\" content=\"Our raison d&#039;\u00eatre: to beautify the world sustainably.\" \/>\n<meta property=\"og:description\" content=\"Graines Voltz contributes to beautifying the world in a sustainable way thanks to its proximity to its customers and its constant search for innovative, beautiful and good quality products.\" \/>\n<meta property=\"og:url\" content=\"https:\/\/www.graines-voltz.com\/en\/strategy\/our-reason-for-being\/\" \/>\n<meta property=\"og:site_name\" content=\"Graines-Voltz\" \/>\n<meta property=\"article:modified_time\" content=\"2023-04-26T15:19:34+00:00\" \/>\n<meta name=\"twitter:card\" content=\"summary_large_image\" \/>\n<meta name=\"twitter:label1\" content=\"Est. reading time\" \/>\n\t<meta name=\"twitter:data1\" content=\"15 minutes\" \/>\n<script type=\"application\/ld+json\" class=\"yoast-schema-graph\">{\"@context\":\"https:\\\/\\\/schema.org\",\"@graph\":[{\"@type\":\"WebPage\",\"@id\":\"https:\\\/\\\/www.graines-voltz.com\\\/en\\\/strategy\\\/our-reason-for-being\\\/\",\"url\":\"https:\\\/\\\/www.graines-voltz.com\\\/en\\\/strategy\\\/our-reason-for-being\\\/\",\"name\":\"Our raison d'\u00eatre: to beautify the world sustainably.\",\"isPartOf\":{\"@id\":\"https:\\\/\\\/www.graines-voltz.com\\\/en\\\/#website\"},\"datePublished\":\"2021-05-26T15:42:27+00:00\",\"dateModified\":\"2023-04-26T15:19:34+00:00\",\"description\":\"Graines Voltz contributes to beautifying the world in a sustainable way thanks to its proximity to its customers and its constant search for innovative, beautiful and good quality products.\",\"breadcrumb\":{\"@id\":\"https:\\\/\\\/www.graines-voltz.com\\\/en\\\/strategy\\\/our-reason-for-being\\\/#breadcrumb\"},\"inLanguage\":\"en-US\",\"potentialAction\":[{\"@type\":\"ReadAction\",\"target\":[\"https:\\\/\\\/www.graines-voltz.com\\\/en\\\/strategy\\\/our-reason-for-being\\\/\"]}]},{\"@type\":\"BreadcrumbList\",\"@id\":\"https:\\\/\\\/www.graines-voltz.com\\\/en\\\/strategy\\\/our-reason-for-being\\\/#breadcrumb\",\"itemListElement\":[{\"@type\":\"ListItem\",\"position\":1,\"name\":\"Accueil\",\"item\":\"https:\\\/\\\/www.graines-voltz.com\\\/en\\\/\"},{\"@type\":\"ListItem\",\"position\":2,\"name\":\"Strategy\",\"item\":\"https:\\\/\\\/www.graines-voltz.com\\\/en\\\/strategie\\\/\"},{\"@type\":\"ListItem\",\"position\":3,\"name\":\"Our reason for being\"}]},{\"@type\":\"WebSite\",\"@id\":\"https:\\\/\\\/www.graines-voltz.com\\\/en\\\/#website\",\"url\":\"https:\\\/\\\/www.graines-voltz.com\\\/en\\\/\",\"name\":\"Graines-Voltz\",\"description\":\"Le sp\u00e9cialiste des meilleures g\u00e9n\u00e9tiques de graines potag\u00e8res en Europe\",\"publisher\":{\"@id\":\"https:\\\/\\\/www.graines-voltz.com\\\/en\\\/#organization\"},\"potentialAction\":[{\"@type\":\"SearchAction\",\"target\":{\"@type\":\"EntryPoint\",\"urlTemplate\":\"https:\\\/\\\/www.graines-voltz.com\\\/en\\\/?s={search_term_string}\"},\"query-input\":{\"@type\":\"PropertyValueSpecification\",\"valueRequired\":true,\"valueName\":\"search_term_string\"}}],\"inLanguage\":\"en-US\"},{\"@type\":\"Organization\",\"@id\":\"https:\\\/\\\/www.graines-voltz.com\\\/en\\\/#organization\",\"name\":\"Graines Voltz\",\"url\":\"https:\\\/\\\/www.graines-voltz.com\\\/en\\\/\",\"logo\":{\"@type\":\"ImageObject\",\"inLanguage\":\"en-US\",\"@id\":\"https:\\\/\\\/www.graines-voltz.com\\\/en\\\/#\\\/schema\\\/logo\\\/image\\\/\",\"url\":\"https:\\\/\\\/www.graines-voltz.com\\\/wp-content\\\/uploads\\\/2021\\\/07\\\/apple-icon-152x152-1.png\",\"contentUrl\":\"https:\\\/\\\/www.graines-voltz.com\\\/wp-content\\\/uploads\\\/2021\\\/07\\\/apple-icon-152x152-1.png\",\"width\":152,\"height\":152,\"caption\":\"Graines Voltz\"},\"image\":{\"@id\":\"https:\\\/\\\/www.graines-voltz.com\\\/en\\\/#\\\/schema\\\/logo\\\/image\\\/\"}}]}<\/script>\n<!-- \/ Yoast SEO plugin. -->","yoast_head_json":{"title":"Our raison d'\u00eatre: to beautify the world sustainably.","description":"Graines Voltz contributes to beautifying the world in a sustainable way thanks to its proximity to its customers and its constant search for innovative, beautiful and good quality products.","robots":{"index":"index","follow":"follow","max-snippet":"max-snippet:-1","max-image-preview":"max-image-preview:large","max-video-preview":"max-video-preview:-1"},"canonical":"https:\/\/www.graines-voltz.com\/en\/strategy\/our-reason-for-being\/","og_locale":"en_US","og_type":"article","og_title":"Our raison d'\u00eatre: to beautify the world sustainably.","og_description":"Graines Voltz contributes to beautifying the world in a sustainable way thanks to its proximity to its customers and its constant search for innovative, beautiful and good quality products.","og_url":"https:\/\/www.graines-voltz.com\/en\/strategy\/our-reason-for-being\/","og_site_name":"Graines-Voltz","article_modified_time":"2023-04-26T15:19:34+00:00","twitter_card":"summary_large_image","twitter_misc":{"Est. reading time":"15 minutes"},"schema":{"@context":"https:\/\/schema.org","@graph":[{"@type":"WebPage","@id":"https:\/\/www.graines-voltz.com\/en\/strategy\/our-reason-for-being\/","url":"https:\/\/www.graines-voltz.com\/en\/strategy\/our-reason-for-being\/","name":"Our raison d'\u00eatre: to beautify the world sustainably.","isPartOf":{"@id":"https:\/\/www.graines-voltz.com\/en\/#website"},"datePublished":"2021-05-26T15:42:27+00:00","dateModified":"2023-04-26T15:19:34+00:00","description":"Graines Voltz contributes to beautifying the world in a sustainable way thanks to its proximity to its customers and its constant search for innovative, beautiful and good quality products.","breadcrumb":{"@id":"https:\/\/www.graines-voltz.com\/en\/strategy\/our-reason-for-being\/#breadcrumb"},"inLanguage":"en-US","potentialAction":[{"@type":"ReadAction","target":["https:\/\/www.graines-voltz.com\/en\/strategy\/our-reason-for-being\/"]}]},{"@type":"BreadcrumbList","@id":"https:\/\/www.graines-voltz.com\/en\/strategy\/our-reason-for-being\/#breadcrumb","itemListElement":[{"@type":"ListItem","position":1,"name":"Accueil","item":"https:\/\/www.graines-voltz.com\/en\/"},{"@type":"ListItem","position":2,"name":"Strategy","item":"https:\/\/www.graines-voltz.com\/en\/strategie\/"},{"@type":"ListItem","position":3,"name":"Our reason for being"}]},{"@type":"WebSite","@id":"https:\/\/www.graines-voltz.com\/en\/#website","url":"https:\/\/www.graines-voltz.com\/en\/","name":"Graines-Voltz","description":"Le sp\u00e9cialiste des meilleures g\u00e9n\u00e9tiques de graines potag\u00e8res en Europe","publisher":{"@id":"https:\/\/www.graines-voltz.com\/en\/#organization"},"potentialAction":[{"@type":"SearchAction","target":{"@type":"EntryPoint","urlTemplate":"https:\/\/www.graines-voltz.com\/en\/?s={search_term_string}"},"query-input":{"@type":"PropertyValueSpecification","valueRequired":true,"valueName":"search_term_string"}}],"inLanguage":"en-US"},{"@type":"Organization","@id":"https:\/\/www.graines-voltz.com\/en\/#organization","name":"Graines Voltz","url":"https:\/\/www.graines-voltz.com\/en\/","logo":{"@type":"ImageObject","inLanguage":"en-US","@id":"https:\/\/www.graines-voltz.com\/en\/#\/schema\/logo\/image\/","url":"https:\/\/www.graines-voltz.com\/wp-content\/uploads\/2021\/07\/apple-icon-152x152-1.png","contentUrl":"https:\/\/www.graines-voltz.com\/wp-content\/uploads\/2021\/07\/apple-icon-152x152-1.png","width":152,"height":152,"caption":"Graines Voltz"},"image":{"@id":"https:\/\/www.graines-voltz.com\/en\/#\/schema\/logo\/image\/"}}]}},"_links":{"self":[{"href":"https:\/\/www.graines-voltz.com\/en\/wp-json\/wp\/v2\/pages\/2494","targetHints":{"allow":["GET"]}}],"collection":[{"href":"https:\/\/www.graines-voltz.com\/en\/wp-json\/wp\/v2\/pages"}],"about":[{"href":"https:\/\/www.graines-voltz.com\/en\/wp-json\/wp\/v2\/types\/page"}],"author":[{"embeddable":true,"href":"https:\/\/www.graines-voltz.com\/en\/wp-json\/wp\/v2\/users\/2"}],"replies":[{"embeddable":true,"href":"https:\/\/www.graines-voltz.com\/en\/wp-json\/wp\/v2\/comments?post=2494"}],"version-history":[{"count":5,"href":"https:\/\/www.graines-voltz.com\/en\/wp-json\/wp\/v2\/pages\/2494\/revisions"}],"predecessor-version":[{"id":8381,"href":"https:\/\/www.graines-voltz.com\/en\/wp-json\/wp\/v2\/pages\/2494\/revisions\/8381"}],"up":[{"embeddable":true,"href":"https:\/\/www.graines-voltz.com\/en\/wp-json\/wp\/v2\/pages\/2485"}],"wp:attachment":[{"href":"https:\/\/www.graines-voltz.com\/en\/wp-json\/wp\/v2\/media?parent=2494"}],"curies":[{"name":"wp","href":"https:\/\/api.w.org\/{rel}","templated":true}]}}