{"id":2470,"date":"2021-05-26T17:38:47","date_gmt":"2021-05-26T15:38:47","guid":{"rendered":"https:\/\/www.graines-voltz.com\/voltz-maraichage\/"},"modified":"2025-03-14T10:48:06","modified_gmt":"2025-03-14T09:48:06","slug":"voltz-maraichage","status":"publish","type":"page","link":"https:\/\/www.graines-voltz.com\/en\/group\/voltz-maraichage\/","title":{"rendered":"Voltz Mara\u00eechage"},"content":{"rendered":"<div class=\"fusion-fullwidth fullwidth-box fusion-builder-row-1 fusion-flex-container fusion-parallax-none nonhundred-percent-fullwidth non-hundred-percent-height-scrolling lazyload\" style=\"--awb-border-radius-top-left:0px;--awb-border-radius-top-right:0px;--awb-border-radius-bottom-right:0px;--awb-border-radius-bottom-left:0px;--awb-padding-top:180px;--awb-padding-bottom:150px;--awb-margin-top:0px;--awb-background-size:cover;--awb-flex-wrap:wrap;\" data-bg=\"https:\/\/www.graines-voltz.com\/wp-content\/uploads\/2021\/07\/Graines_Voltz_maraichage-14.jpg\" ><div class=\"fusion-builder-row fusion-row fusion-flex-align-items-flex-start fusion-flex-content-wrap\" style=\"max-width:1248px;margin-left: calc(-4% \/ 2 );margin-right: calc(-4% \/ 2 );\"><div class=\"fusion-layout-column fusion_builder_column fusion-builder-column-0 fusion-flex-column\" style=\"--awb-bg-size:cover;--awb-width-large:8%;--awb-margin-top-large:0px;--awb-spacing-right-large:24%;--awb-margin-bottom-large:20px;--awb-spacing-left-large:24%;--awb-width-medium:8%;--awb-order-medium:0;--awb-spacing-right-medium:24%;--awb-spacing-left-medium:24%;--awb-width-small:100%;--awb-order-small:0;--awb-spacing-right-small:1.92%;--awb-spacing-left-small:1.92%;\"><div class=\"fusion-column-wrapper fusion-column-has-shadow fusion-flex-justify-content-flex-start fusion-content-layout-column\"><\/div><\/div><div class=\"fusion-layout-column fusion_builder_column fusion-builder-column-1 fusion_builder_column_1_3 1_3 fusion-flex-column fusion-flex-align-self-center fusion-animated\" style=\"--awb-padding-right:3vh;--awb-padding-left:3vh;--awb-overflow:hidden;--awb-bg-color:rgba(0,139,116,0.6);--awb-bg-color-hover:rgba(0,139,116,0.6);--awb-bg-size:cover;--awb-border-radius:10px 10px 10px 10px;--awb-width-large:33.333333333333%;--awb-margin-top-large:0px;--awb-spacing-right-large:5.76%;--awb-margin-bottom-large:20px;--awb-spacing-left-large:5.76%;--awb-width-medium:33.333333333333%;--awb-order-medium:0;--awb-spacing-right-medium:5.76%;--awb-spacing-left-medium:5.76%;--awb-width-small:100%;--awb-order-small:0;--awb-spacing-right-small:1.92%;--awb-spacing-left-small:1.92%;\" data-animationType=\"slideInLeft\" data-animationDuration=\"1.8\" data-animationOffset=\"top-into-view\"><div class=\"fusion-column-wrapper fusion-column-has-shadow fusion-flex-justify-content-space-evenly fusion-content-layout-column\"><div class=\"fusion-text fusion-text-1\" style=\"--awb-margin-top:2vh;\"><h2><span style=\"color: #ffffff;\">VOLTZ Mara\u00eechage<\/span><\/h2>\n<\/div><div class=\"fusion-title title fusion-title-1 fusion-sep-none fusion-title-text fusion-title-size-three\" style=\"--awb-text-color:#ffffff;--awb-margin-top:0px;--awb-margin-bottom:2vh;--awb-margin-top-small:5px;--awb-margin-right-small:0px;--awb-margin-bottom-small:0px;--awb-margin-left-small:0px;\"><h3 class=\"fusion-title-heading title-heading-left\" style=\"margin:0;\">The most beautiful varieties in Europe<\/h3><\/div><\/div><\/div><\/div><\/div><div class=\"fusion-fullwidth fullwidth-box fusion-builder-row-2 fusion-flex-container nonhundred-percent-fullwidth non-hundred-percent-height-scrolling\" style=\"--awb-border-radius-top-left:0px;--awb-border-radius-top-right:0px;--awb-border-radius-bottom-right:0px;--awb-border-radius-bottom-left:0px;--awb-margin-top:60px;--awb-margin-bottom:0px;--awb-flex-wrap:wrap;\" ><div class=\"fusion-builder-row fusion-row fusion-flex-align-items-flex-start fusion-flex-content-wrap\" style=\"max-width:1248px;margin-left: calc(-4% \/ 2 );margin-right: calc(-4% \/ 2 );\"><div class=\"fusion-layout-column fusion_builder_column fusion-builder-column-2 fusion_builder_column_1_5 1_5 fusion-flex-column\" style=\"--awb-bg-size:cover;--awb-width-large:20%;--awb-margin-top-large:0px;--awb-spacing-right-large:9.6%;--awb-margin-bottom-large:20px;--awb-spacing-left-large:9.6%;--awb-width-medium:20%;--awb-order-medium:0;--awb-spacing-right-medium:9.6%;--awb-spacing-left-medium:9.6%;--awb-width-small:100%;--awb-order-small:0;--awb-spacing-right-small:1.92%;--awb-spacing-left-small:1.92%;\"><div class=\"fusion-column-wrapper fusion-column-has-shadow fusion-flex-justify-content-flex-start fusion-content-layout-column\"><\/div><\/div><div class=\"fusion-layout-column fusion_builder_column fusion-builder-column-3 fusion_builder_column_3_5 3_5 fusion-flex-column fusion-flex-align-self-center\" style=\"--awb-bg-size:cover;--awb-width-large:60%;--awb-margin-top-large:0px;--awb-spacing-right-large:3.2%;--awb-margin-bottom-large:20px;--awb-spacing-left-large:3.2%;--awb-width-medium:60%;--awb-order-medium:0;--awb-spacing-right-medium:3.2%;--awb-spacing-left-medium:3.2%;--awb-width-small:100%;--awb-order-small:0;--awb-spacing-right-small:1.92%;--awb-spacing-left-small:1.92%;\"><div class=\"fusion-column-wrapper fusion-column-has-shadow fusion-flex-justify-content-flex-start fusion-content-layout-column\"><div class=\"fusion-title title fusion-title-2 fusion-sep-none fusion-title-center fusion-title-text fusion-title-size-two\" style=\"--awb-margin-bottom:0px;--awb-margin-top-small:5px;--awb-margin-right-small:0px;--awb-margin-bottom-small:0px;--awb-margin-left-small:0px;\"><h2 class=\"fusion-title-heading title-heading-center\" style=\"margin:0;\">Vegetables, herbs and spices<\/h2><\/div><div class=\"fusion-title title fusion-title-3 fusion-sep-none fusion-title-center fusion-title-text fusion-title-size-three\" style=\"--awb-margin-bottom:0px;--awb-margin-top-small:5px;--awb-margin-right-small:0px;--awb-margin-bottom-small:0px;--awb-margin-left-small:0px;\"><h3 class=\"fusion-title-heading title-heading-center\" style=\"margin:0;\"><strong>Diversification and quality at the heart of our concerns\r\n<\/strong><\/h3><\/div><\/div><\/div><div class=\"fusion-layout-column fusion_builder_column fusion-builder-column-4 fusion_builder_column_1_5 1_5 fusion-flex-column\" style=\"--awb-bg-size:cover;--awb-width-large:20%;--awb-margin-top-large:0px;--awb-spacing-right-large:9.6%;--awb-margin-bottom-large:20px;--awb-spacing-left-large:9.6%;--awb-width-medium:20%;--awb-order-medium:0;--awb-spacing-right-medium:9.6%;--awb-spacing-left-medium:9.6%;--awb-width-small:100%;--awb-order-small:0;--awb-spacing-right-small:1.92%;--awb-spacing-left-small:1.92%;\"><div class=\"fusion-column-wrapper fusion-column-has-shadow fusion-flex-justify-content-flex-start fusion-content-layout-column\"><\/div><\/div><\/div><\/div><div class=\"fusion-fullwidth fullwidth-box fusion-builder-row-3 fusion-flex-container nonhundred-percent-fullwidth non-hundred-percent-height-scrolling\" style=\"--awb-border-radius-top-left:0px;--awb-border-radius-top-right:0px;--awb-border-radius-bottom-right:0px;--awb-border-radius-bottom-left:0px;--awb-margin-top:60px;--awb-margin-bottom:0px;--awb-flex-wrap:wrap;\" ><div class=\"fusion-builder-row fusion-row fusion-flex-align-items-flex-start fusion-flex-content-wrap\" style=\"max-width:1248px;margin-left: calc(-4% \/ 2 );margin-right: calc(-4% \/ 2 );\"><div class=\"fusion-layout-column fusion_builder_column fusion-builder-column-5 fusion_builder_column_1_2 1_2 fusion-flex-column fusion-flex-align-self-center\" style=\"--awb-bg-size:cover;--awb-width-large:50%;--awb-margin-top-large:0px;--awb-spacing-right-large:3.84%;--awb-margin-bottom-large:20px;--awb-spacing-left-large:3.84%;--awb-width-medium:50%;--awb-order-medium:0;--awb-spacing-right-medium:3.84%;--awb-spacing-left-medium:3.84%;--awb-width-small:100%;--awb-order-small:0;--awb-spacing-right-small:1.92%;--awb-spacing-left-small:1.92%;\"><div class=\"fusion-column-wrapper fusion-column-has-shadow fusion-flex-justify-content-flex-start fusion-content-layout-column\"><div class=\"fusion-text fusion-text-2 marge-top\"><p style=\"text-align: left;\">VOLTZ Mara\u00eechage selects, develops and distributes the best varieties of vegetables, aromatics and herbs. These products are designed for professional vegetable growers. They are suitable for a range of production methods, both traditional and innovative, and for all marketing channels, with a success story in short distribution channels and strong expertise in aromatic plants.<\/p>\n<p style=\"text-align: left;\"><strong>The products marketed meet the needs of<\/strong> :<\/p>\n<p style=\"text-align: left;\">&#8211; conventional farming, with a wide range of untreated and treated seeds and plants.<\/p>\n<p style=\"text-align: left;\">&#8211; Organic farming, with a wide range of certified organic seeds and seedlings and untreated range complements.<\/p>\n<p style=\"text-align: left;\">&#8211; Vertical Farming<\/p>\n<\/div><\/div><\/div><div class=\"fusion-layout-column fusion_builder_column fusion-builder-column-6 fusion_builder_column_1_2 1_2 fusion-flex-column\" style=\"--awb-bg-size:cover;--awb-width-large:50%;--awb-margin-top-large:0px;--awb-spacing-right-large:3.84%;--awb-margin-bottom-large:20px;--awb-spacing-left-large:3.84%;--awb-width-medium:50%;--awb-order-medium:0;--awb-spacing-right-medium:3.84%;--awb-spacing-left-medium:3.84%;--awb-width-small:100%;--awb-order-small:0;--awb-spacing-right-small:1.92%;--awb-spacing-left-small:1.92%;\"><div class=\"fusion-column-wrapper fusion-column-has-shadow fusion-flex-justify-content-flex-start fusion-content-layout-column\"><div class=\"fusion-image-element \" style=\"--awb-max-width:500px;--awb-caption-title-font-family:var(--h2_typography-font-family);--awb-caption-title-font-weight:var(--h2_typography-font-weight);--awb-caption-title-font-style:var(--h2_typography-font-style);--awb-caption-title-size:var(--h2_typography-font-size);--awb-caption-title-transform:var(--h2_typography-text-transform);--awb-caption-title-line-height:var(--h2_typography-line-height);--awb-caption-title-letter-spacing:var(--h2_typography-letter-spacing);\"><span class=\" fusion-imageframe imageframe-none imageframe-1 hover-type-none\" style=\"border-radius:10px;\"><img decoding=\"async\" width=\"2560\" height=\"1707\" title=\"mix_105_ADOBE_light\" src=\"https:\/\/www.graines-voltz.com\/wp-content\/uploads\/2025\/03\/mix_105_ADOBE_light-scaled.jpeg\" data-orig-src=\"https:\/\/www.graines-voltz.com\/wp-content\/uploads\/2025\/03\/mix_105_ADOBE_light-scaled.jpeg\" alt class=\"lazyload img-responsive wp-image-92526\" srcset=\"data:image\/svg+xml,%3Csvg%20xmlns%3D%27http%3A%2F%2Fwww.w3.org%2F2000%2Fsvg%27%20width%3D%272560%27%20height%3D%271707%27%20viewBox%3D%270%200%202560%201707%27%3E%3Crect%20width%3D%272560%27%20height%3D%271707%27%20fill-opacity%3D%220%22%2F%3E%3C%2Fsvg%3E\" data-srcset=\"https:\/\/www.graines-voltz.com\/wp-content\/uploads\/2025\/03\/mix_105_ADOBE_light-200x133.jpeg 200w, https:\/\/www.graines-voltz.com\/wp-content\/uploads\/2025\/03\/mix_105_ADOBE_light-400x267.jpeg 400w, https:\/\/www.graines-voltz.com\/wp-content\/uploads\/2025\/03\/mix_105_ADOBE_light-600x400.jpeg 600w, https:\/\/www.graines-voltz.com\/wp-content\/uploads\/2025\/03\/mix_105_ADOBE_light-800x533.jpeg 800w, https:\/\/www.graines-voltz.com\/wp-content\/uploads\/2025\/03\/mix_105_ADOBE_light-1200x800.jpeg 1200w, https:\/\/www.graines-voltz.com\/wp-content\/uploads\/2025\/03\/mix_105_ADOBE_light-scaled.jpeg 2560w\" data-sizes=\"auto\" data-orig-sizes=\"(max-width: 640px) 100vw, 600px\" \/><\/span><\/div><\/div><\/div><\/div><\/div><div class=\"fusion-fullwidth fullwidth-box fusion-builder-row-4 fusion-flex-container nonhundred-percent-fullwidth non-hundred-percent-height-scrolling\" style=\"--awb-border-radius-top-left:0px;--awb-border-radius-top-right:0px;--awb-border-radius-bottom-right:0px;--awb-border-radius-bottom-left:0px;--awb-padding-top:40px;--awb-padding-bottom:40px;--awb-flex-wrap:wrap;\" ><div class=\"fusion-builder-row fusion-row fusion-flex-align-items-flex-start fusion-flex-content-wrap\" style=\"max-width:1248px;margin-left: calc(-4% \/ 2 );margin-right: calc(-4% \/ 2 );\"><div class=\"fusion-layout-column fusion_builder_column fusion-builder-column-7 fusion_builder_column_1_2 1_2 fusion-flex-column\" style=\"--awb-bg-size:cover;--awb-width-large:50%;--awb-margin-top-large:0px;--awb-spacing-right-large:3.84%;--awb-margin-bottom-large:20px;--awb-spacing-left-large:3.84%;--awb-width-medium:50%;--awb-order-medium:0;--awb-spacing-right-medium:3.84%;--awb-spacing-left-medium:3.84%;--awb-width-small:100%;--awb-order-small:0;--awb-spacing-right-small:1.92%;--awb-spacing-left-small:1.92%;\"><div class=\"fusion-column-wrapper fusion-column-has-shadow fusion-flex-justify-content-flex-start fusion-content-layout-column\"><div class=\"fusion-image-element \" style=\"text-align:center;--awb-max-width:500px;--awb-caption-title-font-family:var(--h2_typography-font-family);--awb-caption-title-font-weight:var(--h2_typography-font-weight);--awb-caption-title-font-style:var(--h2_typography-font-style);--awb-caption-title-size:var(--h2_typography-font-size);--awb-caption-title-transform:var(--h2_typography-text-transform);--awb-caption-title-line-height:var(--h2_typography-line-height);--awb-caption-title-letter-spacing:var(--h2_typography-letter-spacing);\"><span class=\" fusion-imageframe imageframe-none imageframe-2 hover-type-none\" style=\"border-radius:10px;\"><img decoding=\"async\" width=\"10938\" height=\"7737\" title=\"bouquet_aromatiques_13_ARIO-min(1)\" src=\"data:image\/svg+xml,%3Csvg%20xmlns%3D%27http%3A%2F%2Fwww.w3.org%2F2000%2Fsvg%27%20width%3D%2710938%27%20height%3D%277737%27%20viewBox%3D%270%200%2010938%207737%27%3E%3Crect%20width%3D%2710938%27%20height%3D%277737%27%20fill-opacity%3D%220%22%2F%3E%3C%2Fsvg%3E\" data-orig-src=\"https:\/\/www.graines-voltz.com\/wp-content\/uploads\/2025\/03\/bouquet_aromatiques_13_ARIO-min1-e1741863635943.jpg\" alt class=\"lazyload img-responsive wp-image-90507\"\/><\/span><\/div><\/div><\/div><div class=\"fusion-layout-column fusion_builder_column fusion-builder-column-8 fusion_builder_column_1_2 1_2 fusion-flex-column\" style=\"--awb-padding-right:3vh;--awb-bg-size:cover;--awb-width-large:50%;--awb-margin-top-large:0px;--awb-spacing-right-large:3.84%;--awb-margin-bottom-large:20px;--awb-spacing-left-large:3.84%;--awb-width-medium:50%;--awb-order-medium:0;--awb-spacing-right-medium:3.84%;--awb-spacing-left-medium:3.84%;--awb-width-small:100%;--awb-order-small:0;--awb-spacing-right-small:1.92%;--awb-spacing-left-small:1.92%;\"><div class=\"fusion-column-wrapper fusion-column-has-shadow fusion-flex-justify-content-flex-start fusion-content-layout-column\"><div class=\"fusion-text fusion-text-3 marge-top\" style=\"--awb-margin-right:20px;\"><p>Our products are rigorously selected and tested to meet the specific expectations of our different types of growers in the market garden sector, with one major objective: satisfaction. We have acquired a strategic position in our parent markets of France and Germany. We are continuing to develop our positions in Europe and throughout the world (on targeted markets).<\/p>\n<p>Our evolving and diversified ranges are in line with the needs of our customers and changes in our markets. They include varieties that combine taste quality, robustness, productivity and originality. With more than 2,000 varieties, including 600 organic varieties, we also offer a wide range of market garden plants in France and Belgium.<\/p>\n<\/div><div class=\"fusion-separator fusion-full-width-sep\" style=\"align-self: center;margin-left: auto;margin-right: auto;margin-top:35px;width:100%;\"><\/div><div ><a class=\"fusion-button button-flat fusion-button-default-size button-default fusion-button-default button-1 fusion-button-default-span fusion-button-default-type sites-groupe\" target=\"_blank\" rel=\"noopener noreferrer\" href=\"https:\/\/fr.voltz-maraichage.com\" id=\"site-maraichage\"><i class=\"fa-arrow-alt-circle-right fas awb-button__icon awb-button__icon--default button-icon-left\" aria-hidden=\"true\"><\/i><span class=\"fusion-button-text awb-button__text awb-button__text--default\">Visit VOLTZ Mara\u00eechage webiste<\/span><\/a><\/div><\/div><\/div><\/div><\/div>","protected":false},"excerpt":{"rendered":"","protected":false},"author":2,"featured_media":0,"parent":2458,"menu_order":0,"comment_status":"closed","ping_status":"closed","template":"","meta":{"footnotes":""},"class_list":["post-2470","page","type-page","status-publish","hentry"],"yoast_head":"<!-- This site is optimized with the Yoast SEO plugin v27.4 - https:\/\/yoast.com\/product\/yoast-seo-wordpress\/ -->\n<title>VOLTZ Mara\u00eechage, seeds and plants for professional market gardeners<\/title>\n<meta name=\"description\" content=\"VOLTZ Mara\u00eechage produces and distributes vegetables, herbs, small fruits or edible flowers for gardening professionals, market gardeners or restaurant owners.\" \/>\n<meta name=\"robots\" content=\"index, follow, max-snippet:-1, max-image-preview:large, max-video-preview:-1\" \/>\n<link rel=\"canonical\" href=\"https:\/\/www.graines-voltz.com\/en\/group\/voltz-maraichage\/\" \/>\n<meta property=\"og:locale\" content=\"en_US\" \/>\n<meta property=\"og:type\" content=\"article\" \/>\n<meta property=\"og:title\" content=\"VOLTZ Mara\u00eechage, seeds and plants for professional market gardeners\" \/>\n<meta property=\"og:description\" content=\"VOLTZ Mara\u00eechage produces and distributes vegetables, herbs, small fruits or edible flowers for gardening professionals, market gardeners or restaurant owners.\" \/>\n<meta property=\"og:url\" content=\"https:\/\/www.graines-voltz.com\/en\/group\/voltz-maraichage\/\" \/>\n<meta property=\"og:site_name\" content=\"Graines-Voltz\" \/>\n<meta property=\"article:modified_time\" content=\"2025-03-14T09:48:06+00:00\" \/>\n<meta name=\"twitter:card\" content=\"summary_large_image\" \/>\n<meta name=\"twitter:label1\" content=\"Est. reading time\" \/>\n\t<meta name=\"twitter:data1\" content=\"2 minutes\" \/>\n<script type=\"application\/ld+json\" class=\"yoast-schema-graph\">{\"@context\":\"https:\\\/\\\/schema.org\",\"@graph\":[{\"@type\":\"WebPage\",\"@id\":\"https:\\\/\\\/www.graines-voltz.com\\\/en\\\/group\\\/voltz-maraichage\\\/\",\"url\":\"https:\\\/\\\/www.graines-voltz.com\\\/en\\\/group\\\/voltz-maraichage\\\/\",\"name\":\"VOLTZ Mara\u00eechage, seeds and plants for professional market gardeners\",\"isPartOf\":{\"@id\":\"https:\\\/\\\/www.graines-voltz.com\\\/en\\\/#website\"},\"datePublished\":\"2021-05-26T15:38:47+00:00\",\"dateModified\":\"2025-03-14T09:48:06+00:00\",\"description\":\"VOLTZ Mara\u00eechage produces and distributes vegetables, herbs, small fruits or edible flowers for gardening professionals, market gardeners or restaurant owners.\",\"breadcrumb\":{\"@id\":\"https:\\\/\\\/www.graines-voltz.com\\\/en\\\/group\\\/voltz-maraichage\\\/#breadcrumb\"},\"inLanguage\":\"en-US\",\"potentialAction\":[{\"@type\":\"ReadAction\",\"target\":[\"https:\\\/\\\/www.graines-voltz.com\\\/en\\\/group\\\/voltz-maraichage\\\/\"]}]},{\"@type\":\"BreadcrumbList\",\"@id\":\"https:\\\/\\\/www.graines-voltz.com\\\/en\\\/group\\\/voltz-maraichage\\\/#breadcrumb\",\"itemListElement\":[{\"@type\":\"ListItem\",\"position\":1,\"name\":\"Accueil\",\"item\":\"https:\\\/\\\/www.graines-voltz.com\\\/en\\\/\"},{\"@type\":\"ListItem\",\"position\":2,\"name\":\"Group\",\"item\":\"https:\\\/\\\/www.graines-voltz.com\\\/en\\\/groupe\\\/\"},{\"@type\":\"ListItem\",\"position\":3,\"name\":\"Voltz Mara\u00eechage\"}]},{\"@type\":\"WebSite\",\"@id\":\"https:\\\/\\\/www.graines-voltz.com\\\/en\\\/#website\",\"url\":\"https:\\\/\\\/www.graines-voltz.com\\\/en\\\/\",\"name\":\"Graines-Voltz\",\"description\":\"Le sp\u00e9cialiste des meilleures g\u00e9n\u00e9tiques de graines potag\u00e8res en Europe\",\"publisher\":{\"@id\":\"https:\\\/\\\/www.graines-voltz.com\\\/en\\\/#organization\"},\"potentialAction\":[{\"@type\":\"SearchAction\",\"target\":{\"@type\":\"EntryPoint\",\"urlTemplate\":\"https:\\\/\\\/www.graines-voltz.com\\\/en\\\/?s={search_term_string}\"},\"query-input\":{\"@type\":\"PropertyValueSpecification\",\"valueRequired\":true,\"valueName\":\"search_term_string\"}}],\"inLanguage\":\"en-US\"},{\"@type\":\"Organization\",\"@id\":\"https:\\\/\\\/www.graines-voltz.com\\\/en\\\/#organization\",\"name\":\"Graines Voltz\",\"url\":\"https:\\\/\\\/www.graines-voltz.com\\\/en\\\/\",\"logo\":{\"@type\":\"ImageObject\",\"inLanguage\":\"en-US\",\"@id\":\"https:\\\/\\\/www.graines-voltz.com\\\/en\\\/#\\\/schema\\\/logo\\\/image\\\/\",\"url\":\"https:\\\/\\\/www.graines-voltz.com\\\/wp-content\\\/uploads\\\/2021\\\/07\\\/apple-icon-152x152-1.png\",\"contentUrl\":\"https:\\\/\\\/www.graines-voltz.com\\\/wp-content\\\/uploads\\\/2021\\\/07\\\/apple-icon-152x152-1.png\",\"width\":152,\"height\":152,\"caption\":\"Graines Voltz\"},\"image\":{\"@id\":\"https:\\\/\\\/www.graines-voltz.com\\\/en\\\/#\\\/schema\\\/logo\\\/image\\\/\"}}]}<\/script>\n<!-- \/ Yoast SEO plugin. -->","yoast_head_json":{"title":"VOLTZ Mara\u00eechage, seeds and plants for professional market gardeners","description":"VOLTZ Mara\u00eechage produces and distributes vegetables, herbs, small fruits or edible flowers for gardening professionals, market gardeners or restaurant owners.","robots":{"index":"index","follow":"follow","max-snippet":"max-snippet:-1","max-image-preview":"max-image-preview:large","max-video-preview":"max-video-preview:-1"},"canonical":"https:\/\/www.graines-voltz.com\/en\/group\/voltz-maraichage\/","og_locale":"en_US","og_type":"article","og_title":"VOLTZ Mara\u00eechage, seeds and plants for professional market gardeners","og_description":"VOLTZ Mara\u00eechage produces and distributes vegetables, herbs, small fruits or edible flowers for gardening professionals, market gardeners or restaurant owners.","og_url":"https:\/\/www.graines-voltz.com\/en\/group\/voltz-maraichage\/","og_site_name":"Graines-Voltz","article_modified_time":"2025-03-14T09:48:06+00:00","twitter_card":"summary_large_image","twitter_misc":{"Est. reading time":"2 minutes"},"schema":{"@context":"https:\/\/schema.org","@graph":[{"@type":"WebPage","@id":"https:\/\/www.graines-voltz.com\/en\/group\/voltz-maraichage\/","url":"https:\/\/www.graines-voltz.com\/en\/group\/voltz-maraichage\/","name":"VOLTZ Mara\u00eechage, seeds and plants for professional market gardeners","isPartOf":{"@id":"https:\/\/www.graines-voltz.com\/en\/#website"},"datePublished":"2021-05-26T15:38:47+00:00","dateModified":"2025-03-14T09:48:06+00:00","description":"VOLTZ Mara\u00eechage produces and distributes vegetables, herbs, small fruits or edible flowers for gardening professionals, market gardeners or restaurant owners.","breadcrumb":{"@id":"https:\/\/www.graines-voltz.com\/en\/group\/voltz-maraichage\/#breadcrumb"},"inLanguage":"en-US","potentialAction":[{"@type":"ReadAction","target":["https:\/\/www.graines-voltz.com\/en\/group\/voltz-maraichage\/"]}]},{"@type":"BreadcrumbList","@id":"https:\/\/www.graines-voltz.com\/en\/group\/voltz-maraichage\/#breadcrumb","itemListElement":[{"@type":"ListItem","position":1,"name":"Accueil","item":"https:\/\/www.graines-voltz.com\/en\/"},{"@type":"ListItem","position":2,"name":"Group","item":"https:\/\/www.graines-voltz.com\/en\/groupe\/"},{"@type":"ListItem","position":3,"name":"Voltz Mara\u00eechage"}]},{"@type":"WebSite","@id":"https:\/\/www.graines-voltz.com\/en\/#website","url":"https:\/\/www.graines-voltz.com\/en\/","name":"Graines-Voltz","description":"Le sp\u00e9cialiste des meilleures g\u00e9n\u00e9tiques de graines potag\u00e8res en Europe","publisher":{"@id":"https:\/\/www.graines-voltz.com\/en\/#organization"},"potentialAction":[{"@type":"SearchAction","target":{"@type":"EntryPoint","urlTemplate":"https:\/\/www.graines-voltz.com\/en\/?s={search_term_string}"},"query-input":{"@type":"PropertyValueSpecification","valueRequired":true,"valueName":"search_term_string"}}],"inLanguage":"en-US"},{"@type":"Organization","@id":"https:\/\/www.graines-voltz.com\/en\/#organization","name":"Graines Voltz","url":"https:\/\/www.graines-voltz.com\/en\/","logo":{"@type":"ImageObject","inLanguage":"en-US","@id":"https:\/\/www.graines-voltz.com\/en\/#\/schema\/logo\/image\/","url":"https:\/\/www.graines-voltz.com\/wp-content\/uploads\/2021\/07\/apple-icon-152x152-1.png","contentUrl":"https:\/\/www.graines-voltz.com\/wp-content\/uploads\/2021\/07\/apple-icon-152x152-1.png","width":152,"height":152,"caption":"Graines Voltz"},"image":{"@id":"https:\/\/www.graines-voltz.com\/en\/#\/schema\/logo\/image\/"}}]}},"_links":{"self":[{"href":"https:\/\/www.graines-voltz.com\/en\/wp-json\/wp\/v2\/pages\/2470","targetHints":{"allow":["GET"]}}],"collection":[{"href":"https:\/\/www.graines-voltz.com\/en\/wp-json\/wp\/v2\/pages"}],"about":[{"href":"https:\/\/www.graines-voltz.com\/en\/wp-json\/wp\/v2\/types\/page"}],"author":[{"embeddable":true,"href":"https:\/\/www.graines-voltz.com\/en\/wp-json\/wp\/v2\/users\/2"}],"replies":[{"embeddable":true,"href":"https:\/\/www.graines-voltz.com\/en\/wp-json\/wp\/v2\/comments?post=2470"}],"version-history":[{"count":5,"href":"https:\/\/www.graines-voltz.com\/en\/wp-json\/wp\/v2\/pages\/2470\/revisions"}],"predecessor-version":[{"id":92758,"href":"https:\/\/www.graines-voltz.com\/en\/wp-json\/wp\/v2\/pages\/2470\/revisions\/92758"}],"up":[{"embeddable":true,"href":"https:\/\/www.graines-voltz.com\/en\/wp-json\/wp\/v2\/pages\/2458"}],"wp:attachment":[{"href":"https:\/\/www.graines-voltz.com\/en\/wp-json\/wp\/v2\/media?parent=2470"}],"curies":[{"name":"wp","href":"https:\/\/api.w.org\/{rel}","templated":true}]}}